{"id":147,"date":"2021-02-13T00:34:43","date_gmt":"2021-02-13T00:34:43","guid":{"rendered":"https:\/\/apart-wechner.at\/?page_id=147"},"modified":"2025-08-05T14:57:39","modified_gmt":"2025-08-05T14:57:39","slug":"apartment-typ-a","status":"publish","type":"page","link":"https:\/\/apart-wechner.at\/index.php\/apartment-typ-a\/","title":{"rendered":"Apartment \u201eTyp A\u201c"},"content":{"rendered":"\n<div class=\"wp-block-uagb-advanced-heading uagb-block-02aa7032\"><h2 class=\"uagb-heading-text\">EINTRETEN &amp; ENTDECKEN<\/h2><div class=\"uagb-separator\"><\/div><p class=\"uagb-desc-text\">Apartment &#8211; Hoher Riffler <strong>\u201eTyp A\u201c <\/strong><br><strong>85 m\u00b2<\/strong><\/p><\/div>\n\n\n\n<hr class=\"wp-block-separator has-css-opacity small-hr\"\/>\n\n\n\n<div style=\"height:40px\" aria-hidden=\"true\" class=\"wp-block-spacer\"><\/div>\n\n\n<div class=\"wp-block-image\">\n<figure class=\"aligncenter size-large\"><img decoding=\"async\" width=\"469\" height=\"331\" src=\"https:\/\/apart-wechner.at\/wp-content\/uploads\/2021\/02\/Grundriss-Wohnung-A.gif\" alt=\"\" class=\"wp-image-150\"\/><\/figure><\/div>\n\n\n<div style=\"height:40px\" aria-hidden=\"true\" class=\"wp-block-spacer\"><\/div>\n\n\n\n<p><strong>Warme Farben, nat\u00fcrliche Materialien und viel Raum f\u00fcr Geborgenheit laden im Apart Wechner zum Tr\u00e4umen ein. &#8211; Dieses im traditionell &#8211; modernen &#8211; tirolerischen Stil eingerichtete Apartment ist&nbsp;komfortabel ausgestattet und bietet Platz f\u00fcr 2 bis 7 Personen:<\/strong><\/p>\n\n\n\n<ul>\n<li>Vorraum\/Garderobe<\/li>\n\n\n\n<li>2&nbsp;Doppelzimmer mit komfortablen Doppelbetten &amp; Dusche &#8211; bei 7 Personenbelegung zus\u00e4tzlich 1 Einzelzustellbett<\/li>\n\n\n\n<li>1&nbsp;Doppelzimmer mit komfortablen Doppelbetten &amp; Dusche\/WC<\/li>\n\n\n\n<li>1 separates WC<\/li>\n\n\n\n<li>Vollausgestattete Wohnk\u00fcche* bzw. Wohnraum mit komfortabler Sitzecke<\/li>\n\n\n\n<li>Flat-TV<\/li>\n\n\n\n<li>Kostenloses W-LAN Internet<\/li>\n\n\n\n<li>Handt\u00fccher, Badet\u00fccher, Geschirrt\u00fccher<\/li>\n\n\n\n<li>Bettw\u00e4sche<\/li>\n\n\n\n<li>S\u00fcdbalkon mit Sitzm\u00f6bel<\/li>\n<\/ul>\n\n\n\n<p>* K\u00fchlschrank, Backofen, 4-Feld Elektroherd, Mikrowelle, Geschirrsp\u00fcler, Toaster, Eierkocher, NESPRESSO-Kaffeekapselmaschine, Wasserkocher, ausreichend Geschirr, Gl\u00e4ser, Messerblock, diverse K\u00fcchenutensilien<\/p>\n\n\n\n<div style=\"height:60px\" aria-hidden=\"true\" class=\"wp-block-spacer\"><\/div>\n\n\n\n<figure class=\"is-layout-flex wp-block-gallery-1 wp-block-gallery has-nested-images columns-default is-cropped\">\n<figure class=\"wp-block-image size-large\"><a href=\"https:\/\/apart-wechner.at\/wp-content\/uploads\/2025\/08\/NEU-Bild-1-scaled.jpg\"><img decoding=\"async\" width=\"1024\" height=\"678\" data-id=\"1239\"  src=\"https:\/\/apart-wechner.at\/wp-content\/uploads\/2025\/08\/NEU-Bild-1-1024x678.jpg\" alt=\"\" class=\"wp-image-1239\" srcset=\"https:\/\/apart-wechner.at\/wp-content\/uploads\/2025\/08\/NEU-Bild-1-1024x678.jpg 1024w, https:\/\/apart-wechner.at\/wp-content\/uploads\/2025\/08\/NEU-Bild-1-300x199.jpg 300w, https:\/\/apart-wechner.at\/wp-content\/uploads\/2025\/08\/NEU-Bild-1-768x509.jpg 768w, https:\/\/apart-wechner.at\/wp-content\/uploads\/2025\/08\/NEU-Bild-1-1536x1017.jpg 1536w, https:\/\/apart-wechner.at\/wp-content\/uploads\/2025\/08\/NEU-Bild-1-2048x1356.jpg 2048w, https:\/\/apart-wechner.at\/wp-content\/uploads\/2025\/08\/NEU-Bild-1-175x116.jpg 175w\" sizes=\"(max-width: 1024px) 100vw, 1024px\" \/><\/a><\/figure>\n\n\n\n<figure class=\"wp-block-image size-large\"><a href=\"https:\/\/apart-wechner.at\/wp-content\/uploads\/2025\/08\/NEU-Bild-2-scaled.jpg\"><img decoding=\"async\" width=\"1024\" height=\"678\" data-id=\"1241\"  src=\"https:\/\/apart-wechner.at\/wp-content\/uploads\/2025\/08\/NEU-Bild-2-1024x678.jpg\" alt=\"\" class=\"wp-image-1241\" srcset=\"https:\/\/apart-wechner.at\/wp-content\/uploads\/2025\/08\/NEU-Bild-2-1024x678.jpg 1024w, https:\/\/apart-wechner.at\/wp-content\/uploads\/2025\/08\/NEU-Bild-2-300x199.jpg 300w, https:\/\/apart-wechner.at\/wp-content\/uploads\/2025\/08\/NEU-Bild-2-768x509.jpg 768w, https:\/\/apart-wechner.at\/wp-content\/uploads\/2025\/08\/NEU-Bild-2-1536x1017.jpg 1536w, https:\/\/apart-wechner.at\/wp-content\/uploads\/2025\/08\/NEU-Bild-2-2048x1356.jpg 2048w, https:\/\/apart-wechner.at\/wp-content\/uploads\/2025\/08\/NEU-Bild-2-175x116.jpg 175w\" sizes=\"(max-width: 1024px) 100vw, 1024px\" \/><\/a><\/figure>\n\n\n\n<figure class=\"wp-block-image size-large\"><a href=\"https:\/\/apart-wechner.at\/wp-content\/uploads\/2021\/02\/Bild-3-1-scaled.jpg\"><img decoding=\"async\" width=\"1024\" height=\"678\" data-id=\"153\"  src=\"https:\/\/apart-wechner.at\/wp-content\/uploads\/2021\/02\/Bild-3-1-1024x678.jpg\" alt=\"\" class=\"wp-image-153\" srcset=\"https:\/\/apart-wechner.at\/wp-content\/uploads\/2021\/02\/Bild-3-1-1024x678.jpg 1024w, https:\/\/apart-wechner.at\/wp-content\/uploads\/2021\/02\/Bild-3-1-300x199.jpg 300w, https:\/\/apart-wechner.at\/wp-content\/uploads\/2021\/02\/Bild-3-1-768x509.jpg 768w, https:\/\/apart-wechner.at\/wp-content\/uploads\/2021\/02\/Bild-3-1-1536x1017.jpg 1536w, https:\/\/apart-wechner.at\/wp-content\/uploads\/2021\/02\/Bild-3-1-2048x1356.jpg 2048w\" sizes=\"(max-width: 1024px) 100vw, 1024px\" \/><\/a><\/figure>\n\n\n\n<figure class=\"wp-block-image size-large\"><a href=\"https:\/\/apart-wechner.at\/wp-content\/uploads\/2025\/08\/NEU-Bild-4-scaled.jpg\"><img decoding=\"async\" width=\"1024\" height=\"678\" data-id=\"1242\"  src=\"https:\/\/apart-wechner.at\/wp-content\/uploads\/2025\/08\/NEU-Bild-4-1024x678.jpg\" alt=\"\" class=\"wp-image-1242\" srcset=\"https:\/\/apart-wechner.at\/wp-content\/uploads\/2025\/08\/NEU-Bild-4-1024x678.jpg 1024w, https:\/\/apart-wechner.at\/wp-content\/uploads\/2025\/08\/NEU-Bild-4-300x199.jpg 300w, https:\/\/apart-wechner.at\/wp-content\/uploads\/2025\/08\/NEU-Bild-4-768x509.jpg 768w, https:\/\/apart-wechner.at\/wp-content\/uploads\/2025\/08\/NEU-Bild-4-1536x1017.jpg 1536w, https:\/\/apart-wechner.at\/wp-content\/uploads\/2025\/08\/NEU-Bild-4-2048x1356.jpg 2048w, https:\/\/apart-wechner.at\/wp-content\/uploads\/2025\/08\/NEU-Bild-4-175x116.jpg 175w\" sizes=\"(max-width: 1024px) 100vw, 1024px\" \/><\/a><\/figure>\n\n\n\n<figure class=\"wp-block-image size-large\"><a href=\"https:\/\/apart-wechner.at\/wp-content\/uploads\/2025\/08\/NEU-Bild-5-scaled.jpg\"><img decoding=\"async\" width=\"1024\" height=\"678\" data-id=\"1243\"  src=\"https:\/\/apart-wechner.at\/wp-content\/uploads\/2025\/08\/NEU-Bild-5-1024x678.jpg\" alt=\"\" class=\"wp-image-1243\" srcset=\"https:\/\/apart-wechner.at\/wp-content\/uploads\/2025\/08\/NEU-Bild-5-1024x678.jpg 1024w, https:\/\/apart-wechner.at\/wp-content\/uploads\/2025\/08\/NEU-Bild-5-300x199.jpg 300w, https:\/\/apart-wechner.at\/wp-content\/uploads\/2025\/08\/NEU-Bild-5-768x509.jpg 768w, https:\/\/apart-wechner.at\/wp-content\/uploads\/2025\/08\/NEU-Bild-5-1536x1017.jpg 1536w, https:\/\/apart-wechner.at\/wp-content\/uploads\/2025\/08\/NEU-Bild-5-2048x1356.jpg 2048w, https:\/\/apart-wechner.at\/wp-content\/uploads\/2025\/08\/NEU-Bild-5-175x116.jpg 175w\" sizes=\"(max-width: 1024px) 100vw, 1024px\" \/><\/a><\/figure>\n\n\n\n<figure class=\"wp-block-image size-large\"><a href=\"https:\/\/apart-wechner.at\/wp-content\/uploads\/2025\/08\/NEU-Bild-6-scaled.jpg\"><img decoding=\"async\" width=\"1024\" height=\"678\" data-id=\"1244\"  src=\"https:\/\/apart-wechner.at\/wp-content\/uploads\/2025\/08\/NEU-Bild-6-1024x678.jpg\" alt=\"\" class=\"wp-image-1244\" srcset=\"https:\/\/apart-wechner.at\/wp-content\/uploads\/2025\/08\/NEU-Bild-6-1024x678.jpg 1024w, https:\/\/apart-wechner.at\/wp-content\/uploads\/2025\/08\/NEU-Bild-6-300x199.jpg 300w, https:\/\/apart-wechner.at\/wp-content\/uploads\/2025\/08\/NEU-Bild-6-768x509.jpg 768w, https:\/\/apart-wechner.at\/wp-content\/uploads\/2025\/08\/NEU-Bild-6-1536x1017.jpg 1536w, https:\/\/apart-wechner.at\/wp-content\/uploads\/2025\/08\/NEU-Bild-6-2048x1356.jpg 2048w, https:\/\/apart-wechner.at\/wp-content\/uploads\/2025\/08\/NEU-Bild-6-175x116.jpg 175w\" sizes=\"(max-width: 1024px) 100vw, 1024px\" \/><\/a><\/figure>\n\n\n\n<figure class=\"wp-block-image size-large\"><a href=\"https:\/\/apart-wechner.at\/wp-content\/uploads\/2025\/08\/NEU-Bild-7-scaled.jpg\"><img decoding=\"async\" width=\"1024\" height=\"678\" data-id=\"1245\"  src=\"https:\/\/apart-wechner.at\/wp-content\/uploads\/2025\/08\/NEU-Bild-7-1024x678.jpg\" alt=\"\" class=\"wp-image-1245\" srcset=\"https:\/\/apart-wechner.at\/wp-content\/uploads\/2025\/08\/NEU-Bild-7-1024x678.jpg 1024w, https:\/\/apart-wechner.at\/wp-content\/uploads\/2025\/08\/NEU-Bild-7-300x199.jpg 300w, https:\/\/apart-wechner.at\/wp-content\/uploads\/2025\/08\/NEU-Bild-7-768x509.jpg 768w, https:\/\/apart-wechner.at\/wp-content\/uploads\/2025\/08\/NEU-Bild-7-1536x1017.jpg 1536w, https:\/\/apart-wechner.at\/wp-content\/uploads\/2025\/08\/NEU-Bild-7-2048x1356.jpg 2048w, https:\/\/apart-wechner.at\/wp-content\/uploads\/2025\/08\/NEU-Bild-7-175x116.jpg 175w\" sizes=\"(max-width: 1024px) 100vw, 1024px\" \/><\/a><\/figure>\n\n\n\n<figure class=\"wp-block-image size-large\"><a href=\"https:\/\/apart-wechner.at\/wp-content\/uploads\/2021\/02\/Bild-8-scaled.jpg\"><img decoding=\"async\" width=\"1024\" height=\"678\" data-id=\"158\"  src=\"https:\/\/apart-wechner.at\/wp-content\/uploads\/2021\/02\/Bild-8-1024x678.jpg\" alt=\"\" class=\"wp-image-158\" srcset=\"https:\/\/apart-wechner.at\/wp-content\/uploads\/2021\/02\/Bild-8-1024x678.jpg 1024w, https:\/\/apart-wechner.at\/wp-content\/uploads\/2021\/02\/Bild-8-300x199.jpg 300w, https:\/\/apart-wechner.at\/wp-content\/uploads\/2021\/02\/Bild-8-768x509.jpg 768w, https:\/\/apart-wechner.at\/wp-content\/uploads\/2021\/02\/Bild-8-1536x1017.jpg 1536w, https:\/\/apart-wechner.at\/wp-content\/uploads\/2021\/02\/Bild-8-2048x1356.jpg 2048w\" sizes=\"(max-width: 1024px) 100vw, 1024px\" \/><\/a><\/figure>\n\n\n\n<figure class=\"wp-block-image size-large\"><a href=\"https:\/\/apart-wechner.at\/wp-content\/uploads\/2025\/08\/NEU-Bild-9-scaled.jpg\"><img decoding=\"async\" width=\"1024\" height=\"678\" data-id=\"1246\"  src=\"https:\/\/apart-wechner.at\/wp-content\/uploads\/2025\/08\/NEU-Bild-9-1024x678.jpg\" alt=\"\" class=\"wp-image-1246\" srcset=\"https:\/\/apart-wechner.at\/wp-content\/uploads\/2025\/08\/NEU-Bild-9-1024x678.jpg 1024w, https:\/\/apart-wechner.at\/wp-content\/uploads\/2025\/08\/NEU-Bild-9-300x199.jpg 300w, https:\/\/apart-wechner.at\/wp-content\/uploads\/2025\/08\/NEU-Bild-9-768x509.jpg 768w, https:\/\/apart-wechner.at\/wp-content\/uploads\/2025\/08\/NEU-Bild-9-1536x1017.jpg 1536w, https:\/\/apart-wechner.at\/wp-content\/uploads\/2025\/08\/NEU-Bild-9-2048x1356.jpg 2048w, https:\/\/apart-wechner.at\/wp-content\/uploads\/2025\/08\/NEU-Bild-9-175x116.jpg 175w\" sizes=\"(max-width: 1024px) 100vw, 1024px\" \/><\/a><\/figure>\n\n\n\n<figure class=\"wp-block-image size-large\"><a href=\"https:\/\/apart-wechner.at\/wp-content\/uploads\/2025\/08\/NEU-Bild-10-scaled.jpg\"><img decoding=\"async\" width=\"1024\" height=\"678\" data-id=\"1248\"  src=\"https:\/\/apart-wechner.at\/wp-content\/uploads\/2025\/08\/NEU-Bild-10-1024x678.jpg\" alt=\"\" class=\"wp-image-1248\" srcset=\"https:\/\/apart-wechner.at\/wp-content\/uploads\/2025\/08\/NEU-Bild-10-1024x678.jpg 1024w, https:\/\/apart-wechner.at\/wp-content\/uploads\/2025\/08\/NEU-Bild-10-300x199.jpg 300w, https:\/\/apart-wechner.at\/wp-content\/uploads\/2025\/08\/NEU-Bild-10-768x509.jpg 768w, https:\/\/apart-wechner.at\/wp-content\/uploads\/2025\/08\/NEU-Bild-10-1536x1017.jpg 1536w, https:\/\/apart-wechner.at\/wp-content\/uploads\/2025\/08\/NEU-Bild-10-2048x1356.jpg 2048w, https:\/\/apart-wechner.at\/wp-content\/uploads\/2025\/08\/NEU-Bild-10-175x116.jpg 175w\" sizes=\"(max-width: 1024px) 100vw, 1024px\" \/><\/a><\/figure>\n\n\n\n<figure class=\"wp-block-image size-large\"><a href=\"https:\/\/apart-wechner.at\/wp-content\/uploads\/2025\/08\/NEU-Bild-11-scaled.jpg\"><img decoding=\"async\" width=\"1024\" height=\"678\" data-id=\"1249\"  src=\"https:\/\/apart-wechner.at\/wp-content\/uploads\/2025\/08\/NEU-Bild-11-1024x678.jpg\" alt=\"\" class=\"wp-image-1249\" srcset=\"https:\/\/apart-wechner.at\/wp-content\/uploads\/2025\/08\/NEU-Bild-11-1024x678.jpg 1024w, https:\/\/apart-wechner.at\/wp-content\/uploads\/2025\/08\/NEU-Bild-11-300x199.jpg 300w, https:\/\/apart-wechner.at\/wp-content\/uploads\/2025\/08\/NEU-Bild-11-768x509.jpg 768w, https:\/\/apart-wechner.at\/wp-content\/uploads\/2025\/08\/NEU-Bild-11-1536x1017.jpg 1536w, https:\/\/apart-wechner.at\/wp-content\/uploads\/2025\/08\/NEU-Bild-11-2048x1356.jpg 2048w, https:\/\/apart-wechner.at\/wp-content\/uploads\/2025\/08\/NEU-Bild-11-175x116.jpg 175w\" sizes=\"(max-width: 1024px) 100vw, 1024px\" \/><\/a><\/figure>\n\n\n\n<figure class=\"wp-block-image size-large\"><a href=\"https:\/\/apart-wechner.at\/wp-content\/uploads\/2021\/02\/Bild-12-1-scaled.jpg\"><img decoding=\"async\" width=\"678\" height=\"1024\" data-id=\"162\"  src=\"https:\/\/apart-wechner.at\/wp-content\/uploads\/2021\/02\/Bild-12-1-678x1024.jpg\" alt=\"\" class=\"wp-image-162\" srcset=\"https:\/\/apart-wechner.at\/wp-content\/uploads\/2021\/02\/Bild-12-1-678x1024.jpg 678w, https:\/\/apart-wechner.at\/wp-content\/uploads\/2021\/02\/Bild-12-1-199x300.jpg 199w, https:\/\/apart-wechner.at\/wp-content\/uploads\/2021\/02\/Bild-12-1-768x1160.jpg 768w, https:\/\/apart-wechner.at\/wp-content\/uploads\/2021\/02\/Bild-12-1-1017x1536.jpg 1017w, https:\/\/apart-wechner.at\/wp-content\/uploads\/2021\/02\/Bild-12-1-1356x2048.jpg 1356w, https:\/\/apart-wechner.at\/wp-content\/uploads\/2021\/02\/Bild-12-1-scaled.jpg 1696w\" sizes=\"(max-width: 678px) 100vw, 678px\" \/><\/a><\/figure>\n\n\n\n<figure class=\"wp-block-image size-large\"><a href=\"https:\/\/apart-wechner.at\/wp-content\/uploads\/2021\/02\/Bild-13-scaled.jpg\"><img decoding=\"async\" width=\"1024\" height=\"678\" data-id=\"163\"  src=\"https:\/\/apart-wechner.at\/wp-content\/uploads\/2021\/02\/Bild-13-1024x678.jpg\" alt=\"\" class=\"wp-image-163\" srcset=\"https:\/\/apart-wechner.at\/wp-content\/uploads\/2021\/02\/Bild-13-1024x678.jpg 1024w, https:\/\/apart-wechner.at\/wp-content\/uploads\/2021\/02\/Bild-13-300x199.jpg 300w, https:\/\/apart-wechner.at\/wp-content\/uploads\/2021\/02\/Bild-13-768x509.jpg 768w, https:\/\/apart-wechner.at\/wp-content\/uploads\/2021\/02\/Bild-13-1536x1017.jpg 1536w, https:\/\/apart-wechner.at\/wp-content\/uploads\/2021\/02\/Bild-13-2048x1356.jpg 2048w\" sizes=\"(max-width: 1024px) 100vw, 1024px\" \/><\/a><\/figure>\n\n\n\n<figure class=\"wp-block-image size-large\"><a href=\"https:\/\/apart-wechner.at\/wp-content\/uploads\/2021\/02\/Bild-14-scaled.jpg\"><img decoding=\"async\" width=\"1024\" height=\"678\" data-id=\"164\"  src=\"https:\/\/apart-wechner.at\/wp-content\/uploads\/2021\/02\/Bild-14-1024x678.jpg\" alt=\"\" class=\"wp-image-164\" srcset=\"https:\/\/apart-wechner.at\/wp-content\/uploads\/2021\/02\/Bild-14-1024x678.jpg 1024w, https:\/\/apart-wechner.at\/wp-content\/uploads\/2021\/02\/Bild-14-300x199.jpg 300w, https:\/\/apart-wechner.at\/wp-content\/uploads\/2021\/02\/Bild-14-768x509.jpg 768w, https:\/\/apart-wechner.at\/wp-content\/uploads\/2021\/02\/Bild-14-1536x1017.jpg 1536w, https:\/\/apart-wechner.at\/wp-content\/uploads\/2021\/02\/Bild-14-2048x1356.jpg 2048w\" sizes=\"(max-width: 1024px) 100vw, 1024px\" \/><\/a><\/figure>\n\n\n\n<figure class=\"wp-block-image size-large\"><a href=\"https:\/\/apart-wechner.at\/wp-content\/uploads\/2025\/08\/NEU-Bild-15-scaled.jpg\"><img decoding=\"async\" width=\"1024\" height=\"678\" data-id=\"1250\"  src=\"https:\/\/apart-wechner.at\/wp-content\/uploads\/2025\/08\/NEU-Bild-15-1024x678.jpg\" alt=\"\" class=\"wp-image-1250\" srcset=\"https:\/\/apart-wechner.at\/wp-content\/uploads\/2025\/08\/NEU-Bild-15-1024x678.jpg 1024w, https:\/\/apart-wechner.at\/wp-content\/uploads\/2025\/08\/NEU-Bild-15-300x199.jpg 300w, https:\/\/apart-wechner.at\/wp-content\/uploads\/2025\/08\/NEU-Bild-15-768x509.jpg 768w, https:\/\/apart-wechner.at\/wp-content\/uploads\/2025\/08\/NEU-Bild-15-1536x1017.jpg 1536w, https:\/\/apart-wechner.at\/wp-content\/uploads\/2025\/08\/NEU-Bild-15-2048x1356.jpg 2048w, https:\/\/apart-wechner.at\/wp-content\/uploads\/2025\/08\/NEU-Bild-15-175x116.jpg 175w\" sizes=\"(max-width: 1024px) 100vw, 1024px\" \/><\/a><\/figure>\n\n\n\n<figure class=\"wp-block-image size-large\"><a href=\"https:\/\/apart-wechner.at\/wp-content\/uploads\/2025\/08\/NEU-Bild-16-scaled.jpg\"><img decoding=\"async\" width=\"1024\" height=\"678\" data-id=\"1251\"  src=\"https:\/\/apart-wechner.at\/wp-content\/uploads\/2025\/08\/NEU-Bild-16-1024x678.jpg\" alt=\"\" class=\"wp-image-1251\" srcset=\"https:\/\/apart-wechner.at\/wp-content\/uploads\/2025\/08\/NEU-Bild-16-1024x678.jpg 1024w, https:\/\/apart-wechner.at\/wp-content\/uploads\/2025\/08\/NEU-Bild-16-300x199.jpg 300w, https:\/\/apart-wechner.at\/wp-content\/uploads\/2025\/08\/NEU-Bild-16-768x509.jpg 768w, https:\/\/apart-wechner.at\/wp-content\/uploads\/2025\/08\/NEU-Bild-16-1536x1017.jpg 1536w, https:\/\/apart-wechner.at\/wp-content\/uploads\/2025\/08\/NEU-Bild-16-2048x1356.jpg 2048w, https:\/\/apart-wechner.at\/wp-content\/uploads\/2025\/08\/NEU-Bild-16-175x116.jpg 175w\" sizes=\"(max-width: 1024px) 100vw, 1024px\" \/><\/a><\/figure>\n\n\n\n<figure class=\"wp-block-image size-large\"><a href=\"https:\/\/apart-wechner.at\/wp-content\/uploads\/2021\/02\/Bild-17-scaled.jpg\"><img decoding=\"async\" width=\"1024\" height=\"678\" data-id=\"167\"  src=\"https:\/\/apart-wechner.at\/wp-content\/uploads\/2021\/02\/Bild-17-1024x678.jpg\" alt=\"\" class=\"wp-image-167\" srcset=\"https:\/\/apart-wechner.at\/wp-content\/uploads\/2021\/02\/Bild-17-1024x678.jpg 1024w, https:\/\/apart-wechner.at\/wp-content\/uploads\/2021\/02\/Bild-17-300x199.jpg 300w, https:\/\/apart-wechner.at\/wp-content\/uploads\/2021\/02\/Bild-17-768x509.jpg 768w, https:\/\/apart-wechner.at\/wp-content\/uploads\/2021\/02\/Bild-17-1536x1017.jpg 1536w, https:\/\/apart-wechner.at\/wp-content\/uploads\/2021\/02\/Bild-17-2048x1356.jpg 2048w\" sizes=\"(max-width: 1024px) 100vw, 1024px\" \/><\/a><\/figure>\n\n\n\n<figure class=\"wp-block-image size-large\"><a href=\"https:\/\/apart-wechner.at\/wp-content\/uploads\/2021\/02\/Bild-18-scaled.jpg\"><img decoding=\"async\" width=\"1024\" height=\"678\" data-id=\"168\"  src=\"https:\/\/apart-wechner.at\/wp-content\/uploads\/2021\/02\/Bild-18-1024x678.jpg\" alt=\"\" class=\"wp-image-168\" srcset=\"https:\/\/apart-wechner.at\/wp-content\/uploads\/2021\/02\/Bild-18-1024x678.jpg 1024w, https:\/\/apart-wechner.at\/wp-content\/uploads\/2021\/02\/Bild-18-300x199.jpg 300w, https:\/\/apart-wechner.at\/wp-content\/uploads\/2021\/02\/Bild-18-768x509.jpg 768w, https:\/\/apart-wechner.at\/wp-content\/uploads\/2021\/02\/Bild-18-1536x1017.jpg 1536w, https:\/\/apart-wechner.at\/wp-content\/uploads\/2021\/02\/Bild-18-2048x1356.jpg 2048w\" sizes=\"(max-width: 1024px) 100vw, 1024px\" \/><\/a><\/figure>\n\n\n\n<figure class=\"wp-block-image size-large\"><a href=\"https:\/\/apart-wechner.at\/wp-content\/uploads\/2021\/02\/Bild-19-scaled.jpg\"><img decoding=\"async\" width=\"1024\" height=\"678\" data-id=\"169\"  src=\"https:\/\/apart-wechner.at\/wp-content\/uploads\/2021\/02\/Bild-19-1024x678.jpg\" alt=\"\" class=\"wp-image-169\" srcset=\"https:\/\/apart-wechner.at\/wp-content\/uploads\/2021\/02\/Bild-19-1024x678.jpg 1024w, https:\/\/apart-wechner.at\/wp-content\/uploads\/2021\/02\/Bild-19-300x199.jpg 300w, https:\/\/apart-wechner.at\/wp-content\/uploads\/2021\/02\/Bild-19-768x509.jpg 768w, https:\/\/apart-wechner.at\/wp-content\/uploads\/2021\/02\/Bild-19-1536x1017.jpg 1536w, https:\/\/apart-wechner.at\/wp-content\/uploads\/2021\/02\/Bild-19-2048x1356.jpg 2048w\" sizes=\"(max-width: 1024px) 100vw, 1024px\" \/><\/a><\/figure>\n\n\n\n<figure class=\"wp-block-image size-large\"><a href=\"https:\/\/apart-wechner.at\/wp-content\/uploads\/2021\/02\/Bild-20-scaled.jpg\"><img decoding=\"async\" width=\"1024\" height=\"678\" data-id=\"170\"  src=\"https:\/\/apart-wechner.at\/wp-content\/uploads\/2021\/02\/Bild-20-1024x678.jpg\" alt=\"\" class=\"wp-image-170\" srcset=\"https:\/\/apart-wechner.at\/wp-content\/uploads\/2021\/02\/Bild-20-1024x678.jpg 1024w, https:\/\/apart-wechner.at\/wp-content\/uploads\/2021\/02\/Bild-20-300x199.jpg 300w, https:\/\/apart-wechner.at\/wp-content\/uploads\/2021\/02\/Bild-20-768x509.jpg 768w, https:\/\/apart-wechner.at\/wp-content\/uploads\/2021\/02\/Bild-20-1536x1017.jpg 1536w, https:\/\/apart-wechner.at\/wp-content\/uploads\/2021\/02\/Bild-20-2048x1356.jpg 2048w\" sizes=\"(max-width: 1024px) 100vw, 1024px\" \/><\/a><\/figure>\n<\/figure>\n\n\n\n<div style=\"height:40px\" aria-hidden=\"true\" class=\"wp-block-spacer\"><\/div>\n\n\n\n<div class=\"is-layout-flex wp-container-9 wp-block-columns are-vertically-aligned-center\">\n<div class=\"is-layout-flow wp-block-column is-vertically-aligned-center\">\n<div class=\"is-horizontal is-content-justification-center is-layout-flex wp-container-3 wp-block-buttons\">\n<div class=\"wp-block-button book-like-button\"><a class=\"wp-block-button__link has-background wp-element-button\" href=\"https:\/\/apart-wechner.at\/index.php\/anfrage\/\" style=\"border-radius:5px;background-color:#ccb47a\">Anfragen<\/a><\/div>\n<\/div>\n<\/div>\n\n\n\n<div class=\"is-layout-flow wp-block-column is-vertically-aligned-center\">\n<div class=\"is-horizontal is-content-justification-center is-layout-flex wp-container-5 wp-block-buttons\">\n<div class=\"wp-block-button book-like-button\"><a class=\"wp-block-button__link has-background wp-element-button\" href=\"https:\/\/apart-wechner.at\/index.php\/buchen\/\" style=\"border-radius:5px;background-color:#ccb47a\">Buchen<\/a><\/div>\n<\/div>\n<\/div>\n\n\n\n<div class=\"is-layout-flow wp-block-column is-vertically-aligned-center\">\n<div class=\"is-horizontal is-content-justification-center is-layout-flex wp-container-7 wp-block-buttons\">\n<div class=\"wp-block-button book-like-button\"><a class=\"wp-block-button__link has-background wp-element-button\" href=\"https:\/\/apart-wechner.at\/index.php\/preisliste\/\" style=\"border-radius:5px;background-color:#ccb47a\">Preise<\/a><\/div>\n<\/div>\n<\/div>\n<\/div>\n\n\n\n<p><\/p>\n","protected":false},"excerpt":{"rendered":"<p>EINTRETEN &amp; ENTDECKEN Apartment &#8211; Hoher Riffler \u201eTyp A\u201c 85 m\u00b2 Warme Farben, nat\u00fcrliche Materialien und viel Raum f\u00fcr Geborgenheit laden im Apart Wechner zum Tr\u00e4umen ein. &#8211; Dieses im traditionell &#8211; modernen &#8211; tirolerischen Stil eingerichtete Apartment ist&nbsp;komfortabel ausgestattet und bietet Platz f\u00fcr 2 bis 7 Personen: * K\u00fchlschrank, Backofen, 4-Feld Elektroherd, Mikrowelle, Geschirrsp\u00fcler, [&hellip;]<\/p>\n","protected":false},"author":1,"featured_media":0,"parent":0,"menu_order":0,"comment_status":"closed","ping_status":"closed","template":"","meta":{"inline_featured_image":false,"_uag_custom_page_level_css":""},"uagb_featured_image_src":{"full":false,"thumbnail":false,"medium":false,"medium_large":false,"large":false,"1536x1536":false,"2048x2048":false,"form-edit-image-preview":false},"uagb_author_info":{"display_name":"admin","author_link":"https:\/\/apart-wechner.at\/index.php\/author\/marcel-juen\/"},"uagb_comment_info":0,"uagb_excerpt":"EINTRETEN &amp; ENTDECKEN Apartment &#8211; Hoher Riffler \u201eTyp A\u201c 85 m\u00b2 Warme Farben, nat\u00fcrliche Materialien und viel Raum f\u00fcr Geborgenheit laden im Apart Wechner zum Tr\u00e4umen ein. &#8211; Dieses im traditionell &#8211; modernen &#8211; tirolerischen Stil eingerichtete Apartment ist&nbsp;komfortabel ausgestattet und bietet Platz f\u00fcr 2 bis 7 Personen: * K\u00fchlschrank, Backofen, 4-Feld Elektroherd, Mikrowelle, Geschirrsp\u00fcler,&hellip;","_links":{"self":[{"href":"https:\/\/apart-wechner.at\/index.php\/wp-json\/wp\/v2\/pages\/147"}],"collection":[{"href":"https:\/\/apart-wechner.at\/index.php\/wp-json\/wp\/v2\/pages"}],"about":[{"href":"https:\/\/apart-wechner.at\/index.php\/wp-json\/wp\/v2\/types\/page"}],"author":[{"embeddable":true,"href":"https:\/\/apart-wechner.at\/index.php\/wp-json\/wp\/v2\/users\/1"}],"replies":[{"embeddable":true,"href":"https:\/\/apart-wechner.at\/index.php\/wp-json\/wp\/v2\/comments?post=147"}],"version-history":[{"count":14,"href":"https:\/\/apart-wechner.at\/index.php\/wp-json\/wp\/v2\/pages\/147\/revisions"}],"predecessor-version":[{"id":1252,"href":"https:\/\/apart-wechner.at\/index.php\/wp-json\/wp\/v2\/pages\/147\/revisions\/1252"}],"wp:attachment":[{"href":"https:\/\/apart-wechner.at\/index.php\/wp-json\/wp\/v2\/media?parent=147"}],"curies":[{"name":"wp","href":"https:\/\/api.w.org\/{rel}","templated":true}]}}