{"id":174,"date":"2021-02-13T00:47:03","date_gmt":"2021-02-13T00:47:03","guid":{"rendered":"https:\/\/apart-wechner.at\/?page_id=174"},"modified":"2025-08-06T20:32:15","modified_gmt":"2025-08-06T20:32:15","slug":"apartment-typ-b","status":"publish","type":"page","link":"https:\/\/apart-wechner.at\/index.php\/apartment-typ-b\/","title":{"rendered":"Apartment \u201eTyp B\u201c"},"content":{"rendered":"\n<div class=\"wp-block-uagb-advanced-heading uagb-block-2b119a7b\"><h2 class=\"uagb-heading-text\">EINTRETEN &amp; ENTDECKEN<\/h2><div class=\"uagb-separator\"><\/div><p class=\"uagb-desc-text\">Apartment &#8211; Blankahorn <strong>\u201eTyp B\u201c <\/strong><br><strong>51 m\u00b2<\/strong><\/p><\/div>\n\n\n\n<hr class=\"wp-block-separator has-css-opacity small-hr\"\/>\n\n\n\n<div style=\"height:40px\" aria-hidden=\"true\" class=\"wp-block-spacer\"><\/div>\n\n\n\n<figure class=\"wp-block-image size-large\"><img decoding=\"async\" width=\"750\" height=\"261\" src=\"https:\/\/apart-wechner.at\/wp-content\/uploads\/2021\/02\/Grundriss-Wohnung-B.gif\" alt=\"\" class=\"wp-image-175\"\/><\/figure>\n\n\n\n<div style=\"height:40px\" aria-hidden=\"true\" class=\"wp-block-spacer\"><\/div>\n\n\n\n<p><strong>Naturmaterialien zum Genie\u00dfen &#8211; Wohlf\u00fchlambiente zum Entspannen &#8211; Nat\u00fcrliche Farben, hochwertige Materialien, liebevolle Details und allem voran der herrliche Panoramablick auf die Gipfel verleihen diesem Apartment eine wohlig heimelige Atmosph\u00e4re. Dieses im traditionell &#8211; modernen &#8211; tirolerischen Stil eingerichtete Apartment ist&nbsp;komfortabel ausgestattet und bietet Platz f\u00fcr 2 bis 4 Personen:<\/strong><\/p>\n\n\n\n<ul>\n<li>2&nbsp;Doppelzimmer mit komfortablen Doppelbetten &amp; Dusche\/WC<\/li>\n\n\n\n<li>Vollausgestattete Wohnk\u00fcche* bzw. Wohnraum mit komfortabler Sitzecke<\/li>\n\n\n\n<li>Flat-TV<\/li>\n\n\n\n<li>Kostenloses W-LAN Internet<\/li>\n\n\n\n<li>Handt\u00fccher, Badet\u00fccher, Geschirrt\u00fccher<\/li>\n\n\n\n<li>Bettw\u00e4sche<\/li>\n\n\n\n<li>Garten mit Sitzm\u00f6bel<\/li>\n<\/ul>\n\n\n\n<p>* K\u00fchlschrank, Backofen, 4-Feld Elektroherd, Mikrowelle, Geschirrsp\u00fcler, Toaster, Eierkocher, NESPRESSO-Kaffeekapselmaschine, Wasserkocher, ausreichend Geschirr, Gl\u00e4ser, Messerblock, diverse K\u00fcchenutensilien<\/p>\n\n\n\n<div style=\"height:60px\" aria-hidden=\"true\" class=\"wp-block-spacer\"><\/div>\n\n\n\n<figure class=\"is-layout-flex wp-block-gallery-1 wp-block-gallery has-nested-images columns-default is-cropped\">\n<figure class=\"wp-block-image size-large\"><a href=\"https:\/\/apart-wechner.at\/wp-content\/uploads\/2021\/07\/Bild-1-2-scaled.jpg\"><img decoding=\"async\" width=\"1024\" height=\"678\" data-id=\"1057\"  src=\"https:\/\/apart-wechner.at\/wp-content\/uploads\/2021\/07\/Bild-1-2-1024x678.jpg\" alt=\"\" class=\"wp-image-1057\" srcset=\"https:\/\/apart-wechner.at\/wp-content\/uploads\/2021\/07\/Bild-1-2-1024x678.jpg 1024w, https:\/\/apart-wechner.at\/wp-content\/uploads\/2021\/07\/Bild-1-2-300x199.jpg 300w, https:\/\/apart-wechner.at\/wp-content\/uploads\/2021\/07\/Bild-1-2-768x509.jpg 768w, https:\/\/apart-wechner.at\/wp-content\/uploads\/2021\/07\/Bild-1-2-1536x1017.jpg 1536w, https:\/\/apart-wechner.at\/wp-content\/uploads\/2021\/07\/Bild-1-2-2048x1356.jpg 2048w, https:\/\/apart-wechner.at\/wp-content\/uploads\/2021\/07\/Bild-1-2-175x116.jpg 175w\" sizes=\"(max-width: 1024px) 100vw, 1024px\" \/><\/a><\/figure>\n\n\n\n<figure class=\"wp-block-image size-large\"><a href=\"https:\/\/apart-wechner.at\/wp-content\/uploads\/2025\/08\/NEU-Bild-2-2-scaled.jpg\"><img decoding=\"async\" width=\"1024\" height=\"678\" data-id=\"1278\"  src=\"https:\/\/apart-wechner.at\/wp-content\/uploads\/2025\/08\/NEU-Bild-2-2-1024x678.jpg\" alt=\"\" class=\"wp-image-1278\" srcset=\"https:\/\/apart-wechner.at\/wp-content\/uploads\/2025\/08\/NEU-Bild-2-2-1024x678.jpg 1024w, https:\/\/apart-wechner.at\/wp-content\/uploads\/2025\/08\/NEU-Bild-2-2-300x199.jpg 300w, https:\/\/apart-wechner.at\/wp-content\/uploads\/2025\/08\/NEU-Bild-2-2-768x509.jpg 768w, https:\/\/apart-wechner.at\/wp-content\/uploads\/2025\/08\/NEU-Bild-2-2-1536x1017.jpg 1536w, https:\/\/apart-wechner.at\/wp-content\/uploads\/2025\/08\/NEU-Bild-2-2-2048x1356.jpg 2048w, https:\/\/apart-wechner.at\/wp-content\/uploads\/2025\/08\/NEU-Bild-2-2-175x116.jpg 175w\" sizes=\"(max-width: 1024px) 100vw, 1024px\" \/><\/a><\/figure>\n\n\n\n<figure class=\"wp-block-image size-large\"><a href=\"https:\/\/apart-wechner.at\/wp-content\/uploads\/2021\/02\/Bild-3-2-scaled.jpg\"><img decoding=\"async\" width=\"1024\" height=\"678\" data-id=\"178\"  src=\"https:\/\/apart-wechner.at\/wp-content\/uploads\/2021\/02\/Bild-3-2-1024x678.jpg\" alt=\"\" class=\"wp-image-178\" srcset=\"https:\/\/apart-wechner.at\/wp-content\/uploads\/2021\/02\/Bild-3-2-1024x678.jpg 1024w, https:\/\/apart-wechner.at\/wp-content\/uploads\/2021\/02\/Bild-3-2-300x199.jpg 300w, https:\/\/apart-wechner.at\/wp-content\/uploads\/2021\/02\/Bild-3-2-768x509.jpg 768w, https:\/\/apart-wechner.at\/wp-content\/uploads\/2021\/02\/Bild-3-2-1536x1017.jpg 1536w, https:\/\/apart-wechner.at\/wp-content\/uploads\/2021\/02\/Bild-3-2-2048x1356.jpg 2048w\" sizes=\"(max-width: 1024px) 100vw, 1024px\" \/><\/a><\/figure>\n\n\n\n<figure class=\"wp-block-image size-large\"><a href=\"https:\/\/apart-wechner.at\/wp-content\/uploads\/2021\/02\/Bild-4-2-scaled.jpg\"><img decoding=\"async\" width=\"678\" height=\"1024\" data-id=\"179\"  src=\"https:\/\/apart-wechner.at\/wp-content\/uploads\/2021\/02\/Bild-4-2-678x1024.jpg\" alt=\"\" class=\"wp-image-179\" srcset=\"https:\/\/apart-wechner.at\/wp-content\/uploads\/2021\/02\/Bild-4-2-678x1024.jpg 678w, https:\/\/apart-wechner.at\/wp-content\/uploads\/2021\/02\/Bild-4-2-199x300.jpg 199w, https:\/\/apart-wechner.at\/wp-content\/uploads\/2021\/02\/Bild-4-2-768x1160.jpg 768w, https:\/\/apart-wechner.at\/wp-content\/uploads\/2021\/02\/Bild-4-2-1017x1536.jpg 1017w, https:\/\/apart-wechner.at\/wp-content\/uploads\/2021\/02\/Bild-4-2-1356x2048.jpg 1356w, https:\/\/apart-wechner.at\/wp-content\/uploads\/2021\/02\/Bild-4-2-scaled.jpg 1696w\" sizes=\"(max-width: 678px) 100vw, 678px\" \/><\/a><\/figure>\n\n\n\n<figure class=\"wp-block-image size-large\"><a href=\"https:\/\/apart-wechner.at\/wp-content\/uploads\/2021\/07\/Bild-5-scaled.jpg\"><img decoding=\"async\" width=\"1024\" height=\"678\" data-id=\"1074\"  src=\"https:\/\/apart-wechner.at\/wp-content\/uploads\/2021\/07\/Bild-5-1024x678.jpg\" alt=\"\" class=\"wp-image-1074\" srcset=\"https:\/\/apart-wechner.at\/wp-content\/uploads\/2021\/07\/Bild-5-1024x678.jpg 1024w, https:\/\/apart-wechner.at\/wp-content\/uploads\/2021\/07\/Bild-5-300x199.jpg 300w, https:\/\/apart-wechner.at\/wp-content\/uploads\/2021\/07\/Bild-5-768x509.jpg 768w, https:\/\/apart-wechner.at\/wp-content\/uploads\/2021\/07\/Bild-5-1536x1017.jpg 1536w, https:\/\/apart-wechner.at\/wp-content\/uploads\/2021\/07\/Bild-5-2048x1356.jpg 2048w, https:\/\/apart-wechner.at\/wp-content\/uploads\/2021\/07\/Bild-5-175x116.jpg 175w\" sizes=\"(max-width: 1024px) 100vw, 1024px\" \/><\/a><\/figure>\n\n\n\n<figure class=\"wp-block-image size-large\"><a href=\"https:\/\/apart-wechner.at\/wp-content\/uploads\/2025\/08\/NEU-Bild-6-3-scaled.jpg\"><img decoding=\"async\" width=\"1024\" height=\"678\" data-id=\"1281\"  src=\"https:\/\/apart-wechner.at\/wp-content\/uploads\/2025\/08\/NEU-Bild-6-3-1024x678.jpg\" alt=\"\" class=\"wp-image-1281\" srcset=\"https:\/\/apart-wechner.at\/wp-content\/uploads\/2025\/08\/NEU-Bild-6-3-1024x678.jpg 1024w, https:\/\/apart-wechner.at\/wp-content\/uploads\/2025\/08\/NEU-Bild-6-3-300x199.jpg 300w, https:\/\/apart-wechner.at\/wp-content\/uploads\/2025\/08\/NEU-Bild-6-3-768x509.jpg 768w, https:\/\/apart-wechner.at\/wp-content\/uploads\/2025\/08\/NEU-Bild-6-3-1536x1017.jpg 1536w, https:\/\/apart-wechner.at\/wp-content\/uploads\/2025\/08\/NEU-Bild-6-3-2048x1356.jpg 2048w, https:\/\/apart-wechner.at\/wp-content\/uploads\/2025\/08\/NEU-Bild-6-3-175x116.jpg 175w\" sizes=\"(max-width: 1024px) 100vw, 1024px\" \/><\/a><\/figure>\n\n\n\n<figure class=\"wp-block-image size-large\"><a href=\"https:\/\/apart-wechner.at\/wp-content\/uploads\/2025\/08\/NEU-Bild-7-3-scaled.jpg\"><img decoding=\"async\" width=\"1024\" height=\"678\" data-id=\"1283\"  src=\"https:\/\/apart-wechner.at\/wp-content\/uploads\/2025\/08\/NEU-Bild-7-3-1024x678.jpg\" alt=\"\" class=\"wp-image-1283\" srcset=\"https:\/\/apart-wechner.at\/wp-content\/uploads\/2025\/08\/NEU-Bild-7-3-1024x678.jpg 1024w, https:\/\/apart-wechner.at\/wp-content\/uploads\/2025\/08\/NEU-Bild-7-3-300x199.jpg 300w, https:\/\/apart-wechner.at\/wp-content\/uploads\/2025\/08\/NEU-Bild-7-3-768x509.jpg 768w, https:\/\/apart-wechner.at\/wp-content\/uploads\/2025\/08\/NEU-Bild-7-3-1536x1017.jpg 1536w, https:\/\/apart-wechner.at\/wp-content\/uploads\/2025\/08\/NEU-Bild-7-3-2048x1356.jpg 2048w, https:\/\/apart-wechner.at\/wp-content\/uploads\/2025\/08\/NEU-Bild-7-3-175x116.jpg 175w\" sizes=\"(max-width: 1024px) 100vw, 1024px\" \/><\/a><\/figure>\n\n\n\n<figure class=\"wp-block-image size-large\"><a href=\"https:\/\/apart-wechner.at\/wp-content\/uploads\/2021\/07\/Bild-8-scaled.jpg\"><img decoding=\"async\" width=\"1024\" height=\"678\" data-id=\"1085\"  src=\"https:\/\/apart-wechner.at\/wp-content\/uploads\/2021\/07\/Bild-8-1024x678.jpg\" alt=\"\" class=\"wp-image-1085\" srcset=\"https:\/\/apart-wechner.at\/wp-content\/uploads\/2021\/07\/Bild-8-1024x678.jpg 1024w, https:\/\/apart-wechner.at\/wp-content\/uploads\/2021\/07\/Bild-8-300x199.jpg 300w, https:\/\/apart-wechner.at\/wp-content\/uploads\/2021\/07\/Bild-8-768x509.jpg 768w, https:\/\/apart-wechner.at\/wp-content\/uploads\/2021\/07\/Bild-8-1536x1017.jpg 1536w, https:\/\/apart-wechner.at\/wp-content\/uploads\/2021\/07\/Bild-8-2048x1356.jpg 2048w, https:\/\/apart-wechner.at\/wp-content\/uploads\/2021\/07\/Bild-8-175x116.jpg 175w\" sizes=\"(max-width: 1024px) 100vw, 1024px\" \/><\/a><\/figure>\n\n\n\n<figure class=\"wp-block-image size-large\"><a href=\"https:\/\/apart-wechner.at\/wp-content\/uploads\/2025\/08\/NEU-Bild-9-3-scaled.jpg\"><img decoding=\"async\" width=\"1024\" height=\"678\" data-id=\"1285\"  src=\"https:\/\/apart-wechner.at\/wp-content\/uploads\/2025\/08\/NEU-Bild-9-3-1024x678.jpg\" alt=\"\" class=\"wp-image-1285\" srcset=\"https:\/\/apart-wechner.at\/wp-content\/uploads\/2025\/08\/NEU-Bild-9-3-1024x678.jpg 1024w, https:\/\/apart-wechner.at\/wp-content\/uploads\/2025\/08\/NEU-Bild-9-3-300x199.jpg 300w, https:\/\/apart-wechner.at\/wp-content\/uploads\/2025\/08\/NEU-Bild-9-3-768x509.jpg 768w, https:\/\/apart-wechner.at\/wp-content\/uploads\/2025\/08\/NEU-Bild-9-3-1536x1017.jpg 1536w, https:\/\/apart-wechner.at\/wp-content\/uploads\/2025\/08\/NEU-Bild-9-3-2048x1356.jpg 2048w, https:\/\/apart-wechner.at\/wp-content\/uploads\/2025\/08\/NEU-Bild-9-3-175x116.jpg 175w\" sizes=\"(max-width: 1024px) 100vw, 1024px\" \/><\/a><\/figure>\n\n\n\n<figure class=\"wp-block-image size-large\"><a href=\"https:\/\/apart-wechner.at\/wp-content\/uploads\/2025\/08\/NEU-Bild-10-3-scaled.jpg\"><img decoding=\"async\" width=\"1024\" height=\"678\" data-id=\"1287\"  src=\"https:\/\/apart-wechner.at\/wp-content\/uploads\/2025\/08\/NEU-Bild-10-3-1024x678.jpg\" alt=\"\" class=\"wp-image-1287\" srcset=\"https:\/\/apart-wechner.at\/wp-content\/uploads\/2025\/08\/NEU-Bild-10-3-1024x678.jpg 1024w, https:\/\/apart-wechner.at\/wp-content\/uploads\/2025\/08\/NEU-Bild-10-3-300x199.jpg 300w, https:\/\/apart-wechner.at\/wp-content\/uploads\/2025\/08\/NEU-Bild-10-3-768x509.jpg 768w, https:\/\/apart-wechner.at\/wp-content\/uploads\/2025\/08\/NEU-Bild-10-3-1536x1017.jpg 1536w, https:\/\/apart-wechner.at\/wp-content\/uploads\/2025\/08\/NEU-Bild-10-3-2048x1356.jpg 2048w, https:\/\/apart-wechner.at\/wp-content\/uploads\/2025\/08\/NEU-Bild-10-3-175x116.jpg 175w\" sizes=\"(max-width: 1024px) 100vw, 1024px\" \/><\/a><\/figure>\n\n\n\n<figure class=\"wp-block-image size-large\"><a href=\"https:\/\/apart-wechner.at\/wp-content\/uploads\/2025\/08\/NEU-Bild-11-2-scaled.jpg\"><img decoding=\"async\" width=\"1024\" height=\"678\" data-id=\"1288\"  src=\"https:\/\/apart-wechner.at\/wp-content\/uploads\/2025\/08\/NEU-Bild-11-2-1024x678.jpg\" alt=\"\" class=\"wp-image-1288\" srcset=\"https:\/\/apart-wechner.at\/wp-content\/uploads\/2025\/08\/NEU-Bild-11-2-1024x678.jpg 1024w, https:\/\/apart-wechner.at\/wp-content\/uploads\/2025\/08\/NEU-Bild-11-2-300x199.jpg 300w, https:\/\/apart-wechner.at\/wp-content\/uploads\/2025\/08\/NEU-Bild-11-2-768x509.jpg 768w, https:\/\/apart-wechner.at\/wp-content\/uploads\/2025\/08\/NEU-Bild-11-2-1536x1017.jpg 1536w, https:\/\/apart-wechner.at\/wp-content\/uploads\/2025\/08\/NEU-Bild-11-2-2048x1356.jpg 2048w, https:\/\/apart-wechner.at\/wp-content\/uploads\/2025\/08\/NEU-Bild-11-2-175x116.jpg 175w\" sizes=\"(max-width: 1024px) 100vw, 1024px\" \/><\/a><\/figure>\n\n\n\n<figure class=\"wp-block-image size-large\"><a href=\"https:\/\/apart-wechner.at\/wp-content\/uploads\/2025\/08\/NEU-Bild-12-scaled.jpg\"><img decoding=\"async\" width=\"1024\" height=\"678\" data-id=\"1289\"  src=\"https:\/\/apart-wechner.at\/wp-content\/uploads\/2025\/08\/NEU-Bild-12-1024x678.jpg\" alt=\"\" class=\"wp-image-1289\" srcset=\"https:\/\/apart-wechner.at\/wp-content\/uploads\/2025\/08\/NEU-Bild-12-1024x678.jpg 1024w, https:\/\/apart-wechner.at\/wp-content\/uploads\/2025\/08\/NEU-Bild-12-300x199.jpg 300w, https:\/\/apart-wechner.at\/wp-content\/uploads\/2025\/08\/NEU-Bild-12-768x509.jpg 768w, https:\/\/apart-wechner.at\/wp-content\/uploads\/2025\/08\/NEU-Bild-12-1536x1017.jpg 1536w, https:\/\/apart-wechner.at\/wp-content\/uploads\/2025\/08\/NEU-Bild-12-2048x1356.jpg 2048w, https:\/\/apart-wechner.at\/wp-content\/uploads\/2025\/08\/NEU-Bild-12-175x116.jpg 175w\" sizes=\"(max-width: 1024px) 100vw, 1024px\" \/><\/a><\/figure>\n\n\n\n<figure class=\"wp-block-image size-large\"><a href=\"https:\/\/apart-wechner.at\/wp-content\/uploads\/2021\/02\/Bild-14-1-scaled.jpg\"><img decoding=\"async\" width=\"1024\" height=\"678\" data-id=\"189\"  src=\"https:\/\/apart-wechner.at\/wp-content\/uploads\/2021\/02\/Bild-14-1-1024x678.jpg\" alt=\"\" class=\"wp-image-189\" srcset=\"https:\/\/apart-wechner.at\/wp-content\/uploads\/2021\/02\/Bild-14-1-1024x678.jpg 1024w, https:\/\/apart-wechner.at\/wp-content\/uploads\/2021\/02\/Bild-14-1-300x199.jpg 300w, https:\/\/apart-wechner.at\/wp-content\/uploads\/2021\/02\/Bild-14-1-768x509.jpg 768w, https:\/\/apart-wechner.at\/wp-content\/uploads\/2021\/02\/Bild-14-1-1536x1017.jpg 1536w, https:\/\/apart-wechner.at\/wp-content\/uploads\/2021\/02\/Bild-14-1-2048x1356.jpg 2048w\" sizes=\"(max-width: 1024px) 100vw, 1024px\" \/><\/a><\/figure>\n\n\n\n<figure class=\"wp-block-image size-large\"><a href=\"https:\/\/apart-wechner.at\/wp-content\/uploads\/2021\/02\/Bild-15-1-scaled.jpg\"><img decoding=\"async\" width=\"1024\" height=\"678\" data-id=\"190\"  src=\"https:\/\/apart-wechner.at\/wp-content\/uploads\/2021\/02\/Bild-15-1-1024x678.jpg\" alt=\"\" class=\"wp-image-190\" srcset=\"https:\/\/apart-wechner.at\/wp-content\/uploads\/2021\/02\/Bild-15-1-1024x678.jpg 1024w, https:\/\/apart-wechner.at\/wp-content\/uploads\/2021\/02\/Bild-15-1-300x199.jpg 300w, https:\/\/apart-wechner.at\/wp-content\/uploads\/2021\/02\/Bild-15-1-768x509.jpg 768w, https:\/\/apart-wechner.at\/wp-content\/uploads\/2021\/02\/Bild-15-1-1536x1017.jpg 1536w, https:\/\/apart-wechner.at\/wp-content\/uploads\/2021\/02\/Bild-15-1-2048x1356.jpg 2048w\" sizes=\"(max-width: 1024px) 100vw, 1024px\" \/><\/a><\/figure>\n\n\n\n<figure class=\"wp-block-image size-large\"><a href=\"https:\/\/apart-wechner.at\/wp-content\/uploads\/2021\/02\/Bild-16-1-scaled.jpg\"><img decoding=\"async\" width=\"1024\" height=\"678\" data-id=\"191\"  src=\"https:\/\/apart-wechner.at\/wp-content\/uploads\/2021\/02\/Bild-16-1-1024x678.jpg\" alt=\"\" class=\"wp-image-191\" srcset=\"https:\/\/apart-wechner.at\/wp-content\/uploads\/2021\/02\/Bild-16-1-1024x678.jpg 1024w, https:\/\/apart-wechner.at\/wp-content\/uploads\/2021\/02\/Bild-16-1-300x199.jpg 300w, https:\/\/apart-wechner.at\/wp-content\/uploads\/2021\/02\/Bild-16-1-768x509.jpg 768w, https:\/\/apart-wechner.at\/wp-content\/uploads\/2021\/02\/Bild-16-1-1536x1017.jpg 1536w, https:\/\/apart-wechner.at\/wp-content\/uploads\/2021\/02\/Bild-16-1-2048x1356.jpg 2048w\" sizes=\"(max-width: 1024px) 100vw, 1024px\" \/><\/a><\/figure>\n<\/figure>\n\n\n\n<div style=\"height:40px\" aria-hidden=\"true\" class=\"wp-block-spacer\"><\/div>\n\n\n\n<div class=\"is-layout-flex wp-container-9 wp-block-columns are-vertically-aligned-center\">\n<div class=\"is-layout-flow wp-block-column is-vertically-aligned-center\">\n<div class=\"is-horizontal is-content-justification-center is-layout-flex wp-container-3 wp-block-buttons\">\n<div class=\"wp-block-button book-like-button\"><a class=\"wp-block-button__link has-background wp-element-button\" href=\"https:\/\/apart-wechner.at\/index.php\/anfrage\/\" style=\"border-radius:5px;background-color:#ccb47a\">Anfragen<\/a><\/div>\n<\/div>\n<\/div>\n\n\n\n<div class=\"is-layout-flow wp-block-column is-vertically-aligned-center\">\n<div class=\"is-horizontal is-content-justification-center is-layout-flex wp-container-5 wp-block-buttons\">\n<div class=\"wp-block-button book-like-button\"><a class=\"wp-block-button__link has-background wp-element-button\" href=\"https:\/\/apart-wechner.at\/index.php\/buchen\/\" style=\"border-radius:5px;background-color:#ccb47a\">Buchen<\/a><\/div>\n<\/div>\n<\/div>\n\n\n\n<div class=\"is-layout-flow wp-block-column is-vertically-aligned-center\">\n<div class=\"is-horizontal is-content-justification-center is-layout-flex wp-container-7 wp-block-buttons\">\n<div class=\"wp-block-button book-like-button\"><a class=\"wp-block-button__link has-background wp-element-button\" href=\"https:\/\/apart-wechner.at\/index.php\/preisliste\/\" style=\"border-radius:5px;background-color:#ccb47a\">Preise<\/a><\/div>\n<\/div>\n<\/div>\n<\/div>\n","protected":false},"excerpt":{"rendered":"<p>EINTRETEN &amp; ENTDECKEN Apartment &#8211; Blankahorn \u201eTyp B\u201c 51 m\u00b2 Naturmaterialien zum Genie\u00dfen &#8211; Wohlf\u00fchlambiente zum Entspannen &#8211; Nat\u00fcrliche Farben, hochwertige Materialien, liebevolle Details und allem voran der herrliche Panoramablick auf die Gipfel verleihen diesem Apartment eine wohlig heimelige Atmosph\u00e4re. Dieses im traditionell &#8211; modernen &#8211; tirolerischen Stil eingerichtete Apartment ist&nbsp;komfortabel ausgestattet und bietet Platz [&hellip;]<\/p>\n","protected":false},"author":1,"featured_media":0,"parent":0,"menu_order":0,"comment_status":"closed","ping_status":"closed","template":"","meta":{"inline_featured_image":false,"_uag_custom_page_level_css":""},"uagb_featured_image_src":{"full":false,"thumbnail":false,"medium":false,"medium_large":false,"large":false,"1536x1536":false,"2048x2048":false,"form-edit-image-preview":false},"uagb_author_info":{"display_name":"admin","author_link":"https:\/\/apart-wechner.at\/index.php\/author\/marcel-juen\/"},"uagb_comment_info":0,"uagb_excerpt":"EINTRETEN &amp; ENTDECKEN Apartment &#8211; Blankahorn \u201eTyp B\u201c 51 m\u00b2 Naturmaterialien zum Genie\u00dfen &#8211; Wohlf\u00fchlambiente zum Entspannen &#8211; Nat\u00fcrliche Farben, hochwertige Materialien, liebevolle Details und allem voran der herrliche Panoramablick auf die Gipfel verleihen diesem Apartment eine wohlig heimelige Atmosph\u00e4re. Dieses im traditionell &#8211; modernen &#8211; tirolerischen Stil eingerichtete Apartment ist&nbsp;komfortabel ausgestattet und bietet Platz&hellip;","_links":{"self":[{"href":"https:\/\/apart-wechner.at\/index.php\/wp-json\/wp\/v2\/pages\/174"}],"collection":[{"href":"https:\/\/apart-wechner.at\/index.php\/wp-json\/wp\/v2\/pages"}],"about":[{"href":"https:\/\/apart-wechner.at\/index.php\/wp-json\/wp\/v2\/types\/page"}],"author":[{"embeddable":true,"href":"https:\/\/apart-wechner.at\/index.php\/wp-json\/wp\/v2\/users\/1"}],"replies":[{"embeddable":true,"href":"https:\/\/apart-wechner.at\/index.php\/wp-json\/wp\/v2\/comments?post=174"}],"version-history":[{"count":16,"href":"https:\/\/apart-wechner.at\/index.php\/wp-json\/wp\/v2\/pages\/174\/revisions"}],"predecessor-version":[{"id":1290,"href":"https:\/\/apart-wechner.at\/index.php\/wp-json\/wp\/v2\/pages\/174\/revisions\/1290"}],"wp:attachment":[{"href":"https:\/\/apart-wechner.at\/index.php\/wp-json\/wp\/v2\/media?parent=174"}],"curies":[{"name":"wp","href":"https:\/\/api.w.org\/{rel}","templated":true}]}}