{"id":198,"date":"2021-02-13T00:54:15","date_gmt":"2021-02-13T00:54:15","guid":{"rendered":"https:\/\/apart-wechner.at\/?page_id=198"},"modified":"2024-12-02T11:06:58","modified_gmt":"2024-12-02T11:06:58","slug":"buchungsbedingungen-agbs","status":"publish","type":"page","link":"https:\/\/apart-wechner.at\/index.php\/buchungsbedingungen-agbs\/","title":{"rendered":"Buchungsbedingungen &#038; AGB"},"content":{"rendered":"\n<div style=\"height:70px\" aria-hidden=\"true\" class=\"wp-block-spacer\"><\/div>\n\n\n\n<div class=\"wp-block-uagb-advanced-heading uagb-block-97f6b6ea\"><h2 class=\"uagb-heading-text\">APART WECHNER<\/h2><div class=\"uagb-separator\"><\/div><p class=\"uagb-desc-text\">Bedingungen bei Buchung &amp; AGB<\/p><\/div>\n\n\n\n<hr class=\"wp-block-separator has-css-opacity small-hr\"\/>\n\n\n\n<div style=\"height:40px\" aria-hidden=\"true\" class=\"wp-block-spacer\"><\/div>\n\n\n\n<p><strong>Reservierung\/Anzahlung:<\/strong><\/p>\n\n\n\n<ul>\n<li>Nach erfolgter Reservierung bitten wir Sie, innerhalb von 7 Tagen die vereinbarte Anzahlung zu leisten.<\/li>\n\n\n\n<li>Die Anzahlung betr\u00e4gt 30% vom Arrangementpreis. Die genaue H\u00f6he geben wir Ihnen in der Reservierungsbest\u00e4tigung bekannt.<\/li>\n\n\n\n<li>Erst nach Erhalt der Anzahlung ist die Buchung\/Reservierung verbindlich.<\/li>\n\n\n\n<li>Den Restbetrag k\u00f6nnen Sie vor Ort in Bar oder spesenfrei im Vorhinein \u00fcberweisen.<\/li>\n\n\n\n<li>Wir behalten uns das Recht vor, Anzahlungen im Falle einer Stornierung einzubehalten (siehe Stornobedingungen).<\/li>\n<\/ul>\n\n\n\n<div style=\"height:20px\" aria-hidden=\"true\" class=\"wp-block-spacer\"><\/div>\n\n\n\n<p><strong>Stornierungsbedingungen:<\/strong><\/p>\n\n\n\n<p>Nur schriftlich &#8211; sofern nicht anders angegeben, gelten die Stornobedingungen laut AGBH (Allgemeine Gesch\u00e4ftsbedingungen f\u00fcr die Hotellerie).<\/p>\n\n\n\n<ul>\n<li>3 Monate bis 1 Monat vor Anreise: 40% vom gesamten Arrangementpreis<\/li>\n\n\n\n<li>1 Monat bis 1 Woche vor Anreise: 70% vom gesamten Arrangementpreis<\/li>\n\n\n\n<li>1 Woche vor Anreise: 90% vom gesamten Arrangementpreis<\/li>\n<\/ul>\n\n\n\n<div style=\"height:20px\" aria-hidden=\"true\" class=\"wp-block-spacer\"><\/div>\n\n\n\n<p><strong>Kurtaxe\/Ortstaxe:<\/strong><\/p>\n\n\n\n<p>Winter und Sommer \u20ac 5,- pro Person und Nacht. Kinder bis 15 Jahre sind von der Kurtaxe\/Ortstaxe befreit.<\/p>\n\n\n\n<div style=\"height:20px\" aria-hidden=\"true\" class=\"wp-block-spacer\"><\/div>\n\n\n\n<p><strong>Endreinigung (bei Direktbuchungen inkludiert):<\/strong><\/p>\n\n\n\n<p>Bei ordnungsgem\u00e4\u00dfer Nutzung verrechnen wir keine Endreinigung.<\/p>\n\n\n\n<div style=\"height:20px\" aria-hidden=\"true\" class=\"wp-block-spacer\"><\/div>\n\n\n\n<p><strong>Unsere Bankverbindung:<\/strong><\/p>\n\n\n\n<p>Raiffeisenbank Arlberg Silvretta<br>IBAN<strong>: <\/strong>  AT79 3624 8000 0033 6321<br>BIC<strong>: <\/strong>     RZTIAT22248<\/p>\n\n\n\n<div style=\"height:20px\" aria-hidden=\"true\" class=\"wp-block-spacer\"><\/div>\n\n\n\n<p><strong>An- und Abreise:<\/strong><\/p>\n\n\n\n<p><em>Check-In:<\/em><br>Die Apartments stehen Ihnen ab 16:00 Uhr zur Verf\u00fcgung. Bitte geben Sie uns bekannt, wenn sich Ihre Anreise verz\u00f6gert und Sie erst nach 20:00 Uhr bei uns eintreffen k\u00f6nnen. Sofern Sie eine fr\u00fche Anreise planen, geben Sie uns Bescheid. Gerne k\u00f6nnen Sie das Gep\u00e4ck&nbsp;bis zum Einzug ins Apartment&nbsp;sicher bei uns unterstellen. Die Schl\u00fcssel\u00fcbergabe erfolgt dann nach Absprache mit Ihnen.&nbsp;<\/p>\n\n\n\n<p><em>Check-Out:<\/em><br>Wir bitten Sie, ihr Apartment am Abreisetag bis 10:00 Uhr in ordentlichem Zustand freizugeben. Bei vorzeitiger Abreise oder versp\u00e4teter Anreise wird der Preis f\u00fcr die jeweilig gebuchten Tage verrechnet (keine Abz\u00fcge). Reisen weniger als die gebuchte Anzahl an Personen an, wird der volle Apartmentpreis in Rechnung gestellt. Es ist keine Unter- bzw. Weitervermietung oder ein Personenwechsel innerhalb des Buchungszeitraums erlaubt.<\/p>\n\n\n\n<div style=\"height:20px\" aria-hidden=\"true\" class=\"wp-block-spacer\"><\/div>\n\n\n\n<p><strong>Parkpl\u00e4tze:<\/strong><\/p>\n\n\n\n<p>Parkpl\u00e4tze stehen Ihnen direkt vor unserem Haus zur Verf\u00fcgung.&nbsp; Wir bitten Sie, auch im Sinne der Umwelt, mit wenigen Fahrzeugen anzureisen. F\u00fcr entstandene Sch\u00e4den am Fahrzeug \u00fcbernimmt der Vermieter keine Haftung.<\/p>\n\n\n\n<div style=\"height:20px\" aria-hidden=\"true\" class=\"wp-block-spacer\"><\/div>\n\n\n\n<p><strong>Internet:<\/strong><\/p>\n\n\n\n<p>Kostenloses Internet steht im gesamten Haus \u00fcber W-LAN zur Verf\u00fcgung.<\/p>\n\n\n\n<div style=\"height:20px\" aria-hidden=\"true\" class=\"wp-block-spacer\"><\/div>\n\n\n\n<p><strong>Haustiere:<\/strong><\/p>\n\n\n\n<p>Haustiere sind in unserem Haus leider nicht erlaubt. Wir bitten um Verst\u00e4ndnis.<\/p>\n\n\n\n<div style=\"height:20px\" aria-hidden=\"true\" class=\"wp-block-spacer\"><\/div>\n\n\n\n<p><strong>Skiraum:<\/strong><\/p>\n\n\n\n<p>Ski\/Snowboards &amp; andere Sportger\u00e4te, k\u00f6nnen Sie bequem in unserem Skiraum deponieren. Das Mitnehmen von Ski\/Snowboards &amp; andere Sportger\u00e4te in das Apartment ist untersagt.<\/p>\n\n\n\n<div style=\"height:20px\" aria-hidden=\"true\" class=\"wp-block-spacer\"><\/div>\n\n\n\n<p><strong>Br\u00f6tchen-, Milch- und Kaffeekapsel-Service:<\/strong><\/p>\n\n\n\n<p>Wir bieten f\u00fcr unsere G\u00e4ste einen t\u00e4glichen Br\u00f6tchen- &amp; Milch-Service zum Selbstkostenpreis an. Bestellen Sie Ihre Br\u00f6tchen und\/oder Milch am Vortag und wir liefern Ihnen diese am n\u00e4chsten Morgen an Ihre Wohnungst\u00fcre. Weiteres k\u00f6nnen Sie f\u00fcr die Kaffeekapselmaschine Original Nespresso-Kapseln bei uns zum \u00f6sterreichischen Einkaufspreis erwerben.<\/p>\n\n\n\n<div style=\"height:20px\" aria-hidden=\"true\" class=\"wp-block-spacer\"><\/div>\n\n\n\n<p><strong>Raucher\/Nichtraucher:<\/strong><\/p>\n\n\n\n<p>Wir bitten um Verst\u00e4ndnis, dass in unseren Apartments nicht geraucht werden darf. Bei Nichteinhaltung wird eine separate Reinigungsgeb\u00fchr von \u20ac 150,- in Rechnung gestellt.<\/p>\n\n\n\n<div style=\"height:20px\" aria-hidden=\"true\" class=\"wp-block-spacer\"><\/div>\n\n\n\n<p><strong>Kaution:<\/strong><\/p>\n\n\n\n<p>Am Anreisetag&nbsp;ist&nbsp;eine&nbsp;Kaution&nbsp;in H\u00f6he von&nbsp;\u20ac 200,-&nbsp;pro Apartment in&nbsp;bar an den Vermieter zu leisten. Diese wird w\u00e4hrend des gesamten Aufenthaltes hinterlegt und wird bei Abreise sofern keinen etwaigen Sch\u00e4den entstehen, zu 100 % zur\u00fcckerstattet. Alle durch den Gast verursachten Sch\u00e4den an Haus, Mobiliar und Inventar werden in Rechnung gestellt oder sofern die Schadensh\u00f6he innerhalb der Kautionsh\u00f6he liegt abgezogen. Sollten&nbsp;Sch\u00e4den erst bei der Endreinigung ersichtlich&nbsp;werden, werden diese&nbsp;im Nachhinein in Rechnung gestellt. Diese sind innerhalb 7 Tage per Bank\u00fcberweisung zu bezahlen. Andernfalls fallen Zusatzkosten f\u00fcr die Sachbearbeitung an.&nbsp;<\/p>\n\n\n\n<div style=\"height:20px\" aria-hidden=\"true\" class=\"wp-block-spacer\"><\/div>\n\n\n\n<p><strong>Sonstiges:<\/strong><\/p>\n\n\n\n<p><em>Personenanzahl:<\/em><br>Die vereinbarte Anzahl an Personen, welche das Apartment w\u00e4hrend der vereinbarten Mietdauer benutzen, darf ohne Zustimmung des Vermieters nicht \u00fcberschritten werden. Bei Zustimmung des Vermieters bleibt eine Erh\u00f6hung des Preises vorbehalten. Die auch nur vor\u00fcbergehende \u00dcberlassung der Wohnung an Dritte ist untersagt. Bei Verletzung dieser Regelung ist der Vermieter berechtigt, die sofortige \u00dcbergabe des Apartments und f\u00fcr die Dauer der vertragswidrigen Nutzung einen Zuschlag f\u00fcr die \u00dcberbelegung zu verlangen. N\u00e4chtigungen nicht angemeldeter Personen sind nicht gestattet. Die Benutzung von Luftmatratzen oder Schlafs\u00e4cken ist nur nach genauer Absprache mit dem Vermieter gestattet. Den Aufpreis f\u00fcr diese Person wird vom Vermieter eigens verrechnet.<\/p>\n\n\n\n<p><em><em>Apartmentschl\u00fcssel:<\/em><\/em><br>F\u00fcr die \u00fcbernommenen Schl\u00fcssel ist der Gast haftbar. Bei Verlust der Schl\u00fcssel haftet der Gast bis zur H\u00f6he der Wiederbeschaffungskosten (neuer Schl\u00fcssel und\/oder Austausch des Schlosses).<\/p>\n\n\n\n<div style=\"height:20px\" aria-hidden=\"true\" class=\"wp-block-spacer\"><\/div>\n\n\n\n<p>Es gelten&nbsp;<a rel=\"noreferrer noopener\" href=\"https:\/\/www.wko.at\/branchen\/tourismus-freizeitwirtschaft\/hotellerie\/AGBH_061115.pdf\" target=\"_blank\">die allgemeinen Gesch\u00e4ftsbedingungen f\u00fcr die Hotellerie (AGBH)<\/a><\/p>\n\n\n\n<div style=\"height:20px\" aria-hidden=\"true\" class=\"wp-block-spacer\"><\/div>\n\n\n\n<p>Irrtum, Schreibfehler und \u00c4nderungen vorbehalten.<\/p>\n","protected":false},"excerpt":{"rendered":"<p>APART WECHNER Bedingungen bei Buchung &amp; AGB Reservierung\/Anzahlung: Stornierungsbedingungen: Nur schriftlich &#8211; sofern nicht anders angegeben, gelten die Stornobedingungen laut AGBH (Allgemeine Gesch\u00e4ftsbedingungen f\u00fcr die Hotellerie). Kurtaxe\/Ortstaxe: Winter und Sommer \u20ac 5,- pro Person und Nacht. Kinder bis 15 Jahre sind von der Kurtaxe\/Ortstaxe befreit. Endreinigung (bei Direktbuchungen inkludiert): Bei ordnungsgem\u00e4\u00dfer Nutzung verrechnen wir keine [&hellip;]<\/p>\n","protected":false},"author":1,"featured_media":0,"parent":0,"menu_order":0,"comment_status":"closed","ping_status":"closed","template":"","meta":{"inline_featured_image":false,"_uag_custom_page_level_css":""},"uagb_featured_image_src":{"full":false,"thumbnail":false,"medium":false,"medium_large":false,"large":false,"1536x1536":false,"2048x2048":false,"form-edit-image-preview":false},"uagb_author_info":{"display_name":"admin","author_link":"https:\/\/apart-wechner.at\/index.php\/author\/marcel-juen\/"},"uagb_comment_info":0,"uagb_excerpt":"APART WECHNER Bedingungen bei Buchung &amp; AGB Reservierung\/Anzahlung: Stornierungsbedingungen: Nur schriftlich &#8211; sofern nicht anders angegeben, gelten die Stornobedingungen laut AGBH (Allgemeine Gesch\u00e4ftsbedingungen f\u00fcr die Hotellerie). Kurtaxe\/Ortstaxe: Winter und Sommer \u20ac 5,- pro Person und Nacht. Kinder bis 15 Jahre sind von der Kurtaxe\/Ortstaxe befreit. Endreinigung (bei Direktbuchungen inkludiert): Bei ordnungsgem\u00e4\u00dfer Nutzung verrechnen wir keine&hellip;","_links":{"self":[{"href":"https:\/\/apart-wechner.at\/index.php\/wp-json\/wp\/v2\/pages\/198"}],"collection":[{"href":"https:\/\/apart-wechner.at\/index.php\/wp-json\/wp\/v2\/pages"}],"about":[{"href":"https:\/\/apart-wechner.at\/index.php\/wp-json\/wp\/v2\/types\/page"}],"author":[{"embeddable":true,"href":"https:\/\/apart-wechner.at\/index.php\/wp-json\/wp\/v2\/users\/1"}],"replies":[{"embeddable":true,"href":"https:\/\/apart-wechner.at\/index.php\/wp-json\/wp\/v2\/comments?post=198"}],"version-history":[{"count":22,"href":"https:\/\/apart-wechner.at\/index.php\/wp-json\/wp\/v2\/pages\/198\/revisions"}],"predecessor-version":[{"id":1229,"href":"https:\/\/apart-wechner.at\/index.php\/wp-json\/wp\/v2\/pages\/198\/revisions\/1229"}],"wp:attachment":[{"href":"https:\/\/apart-wechner.at\/index.php\/wp-json\/wp\/v2\/media?parent=198"}],"curies":[{"name":"wp","href":"https:\/\/api.w.org\/{rel}","templated":true}]}}