{"id":208,"date":"2021-02-13T01:05:38","date_gmt":"2021-02-13T01:05:38","guid":{"rendered":"https:\/\/apart-wechner.at\/?page_id=208"},"modified":"2021-04-07T14:21:13","modified_gmt":"2021-04-07T14:21:13","slug":"lage-anreise","status":"publish","type":"page","link":"https:\/\/apart-wechner.at\/index.php\/lage-anreise\/","title":{"rendered":"Lage &#038; Anreise"},"content":{"rendered":"\n<div class=\"wp-block-uagb-advanced-heading uagb-block-db2d843b\"><h2 class=\"uagb-heading-text\">SO FINDEN SIE UNS<\/h2><div class=\"uagb-separator-wrap\"><div class=\"uagb-separator\"><\/div><\/div><p class=\"uagb-desc-text\">Lage und Anreise<\/p><\/div>\n\n\n\n<hr class=\"wp-block-separator small-hr\"\/>\n\n\n\n<div style=\"height:40px\" aria-hidden=\"true\" class=\"wp-block-spacer\"><\/div>\n\n\n\n<p>Das Apart Wechner befindet sich im Ort Kappl, Tirol, \u00d6sterreich nur 3 Fahrminuten vom Dorfzentrum in herrlich ruhiger und sonniger Lage mit einer atemberaubenden Aussicht entfernt. Die Lifestyle- und Skimetropole Ischgl ist nur 10 km entfernt.<\/p>\n\n\n\n<p><strong>Adresse<\/strong><\/p>\n\n\n\n<p>Hof 407<br>6555 Kappl<br>Tirol &#8211; \u00d6sterreich<\/p>\n\n\n\n<div style=\"height:10px\" aria-hidden=\"true\" class=\"wp-block-spacer\"><\/div>\n\n\n\n<div class=\"is-layout-flex wp-block-buttons\">\n<div class=\"wp-block-button book-like-button\"><a class=\"wp-block-button__link has-background\" href=\"https:\/\/www.google.com\/maps\/dir\/\/Hof+407,+Kappl\/@47.0701152,10.3518435,13z\/data=!4m8!4m7!1m0!1m5!1m1!1s0x479cb66c84ada8b1:0xaa2c84b1abf5409a!2m2!1d10.3868628!2d47.0701205\" style=\"border-radius:5px;background-color:#ccb47a\" target=\"_blank\" rel=\"noreferrer noopener\">Route anzeigen<\/a><\/div>\n<\/div>\n\n\n\n<div style=\"height:40px\" aria-hidden=\"true\" class=\"wp-block-spacer\"><\/div>\n\n\n<div id=\"wpgmza_map\" class=\"wpgmza_map\" data-settings='{\"id\":\"1\",\"map_title\":\"Standort\",\"map_width\":\"100\",\"map_height\":\"400\",\"map_start_lat\":\"47.06998561243873\",\"map_start_lng\":\"10.386889145632203\",\"map_start_location\":\"45.950464398418106,-109.81550500000003\",\"map_start_zoom\":\"17\",\"default_marker\":\"\",\"type\":\"0\",\"alignment\":\"4\",\"directions_enabled\":\"0\",\"styling_enabled\":\"0\",\"styling_json\":\"\",\"active\":\"0\",\"kml\":\"\",\"bicycle\":\"0\",\"traffic\":\"0\",\"dbox\":\"0\",\"dbox_width\":\"\",\"listmarkers\":\"0\",\"listmarkers_advanced\":\"0\",\"filterbycat\":\"0\",\"ugm_enabled\":\"0\",\"ugm_category_enabled\":\"0\",\"fusion\":\"\",\"map_width_type\":\"%\",\"map_height_type\":\"px\",\"mass_marker_support\":\"0\",\"ugm_access\":\"0\",\"order_markers_by\":\"0\",\"order_markers_choice\":\"0\",\"show_user_location\":\"0\",\"default_to\":\"\",\"other_settings\":{\"map_type\":1,\"sl_stroke_color\":\"\",\"sl_fill_color\":\"\",\"sl_stroke_opacity\":\"\",\"sl_fill_opacity\":\"\",\"transport_layer\":false,\"action\":\"wpgmza_save_map\",\"redirect_to\":\"\\\/wp-admin\\\/admin-post.php\",\"map_id\":\"1\",\"http_referer\":\"\\\/wp-admin\\\/admin.php?page=wp-google-maps-menu&amp;action=edit&amp;map_id=1\",\"wpgmza_id\":\"1\",\"wpgmza_start_location\":\"47.06998561243873,10.386889145632203\",\"wpgmza_start_zoom\":\"17\",\"store_locator_enabled\":false,\"store_locator_search_area\":\"radial\",\"wpgmza_store_locator_radius_style\":\"legacy\",\"wpgmza_store_locator_default_radius\":\"10\",\"store_locator_auto_area_max_zoom\":\"\",\"store_locator_distance\":false,\"wpgmza_store_locator_position\":false,\"store_locator_category\":false,\"wpgmza_store_locator_use_their_location\":false,\"wpgmza_store_locator_bounce\":false,\"wpgmza_sl_animation\":null,\"wpgmza_store_locator_hide_before_search\":false,\"store_locator_query_string\":\"\",\"store_locator_default_address\":\"\",\"store_locator_name_search\":false,\"store_locator_name_string\":\"\",\"store_locator_not_found_message\":\"\",\"wpgmza_map_align\":\"1\",\"jump_to_nearest_marker_on_initialization\":false,\"automatically_pan_to_users_location\":false,\"override_users_location_zoom_level\":false,\"override_users_location_zoom_levels\":\"\",\"show_distance_from_location\":false,\"map_max_zoom\":\"21\",\"map_min_zoom\":\"0\",\"click_open_link\":false,\"fit_maps_bounds_to_markers\":false,\"fit_maps_bounds_to_markers_after_filtering\":false,\"hide_point_of_interest\":false,\"wpgmza_zoom_on_marker_click\":false,\"wpgmza_zoom_on_marker_click_slider\":\"\",\"close_infowindow_on_map_click\":false,\"disable_lightbox_images\":false,\"use_Raw_Jpeg_Coordinates\":false,\"polygon_labels\":false,\"disable_polygon_info_windows\":false,\"enable_marker_ratings\":false,\"only_load_markers_within_viewport\":false,\"iw_primary_color\":\"\",\"iw_accent_color\":\"\",\"iw_text_color\":\"\",\"wpgmza_listmarkers_by\":\"0\",\"wpgmza_marker_listing_position\":false,\"datatable_no_result_message\":\"\",\"remove_search_box_datables\":false,\"dataTable_pagination_style\":null,\"datatable_search_string\":\"\",\"datatable_result_start\":\"\",\"datatable_result_of\":\"\",\"datatable_result_to\":\"\",\"datatable_result_total\":\"\",\"datatable_result_show\":\"\",\"datatable_result_entries\":\"\",\"wpgmza_savemap\":\"Karte speichern \\u00bb\"}}' data-map-id='1' Data-maps-engine='open-layers' data-shortcode-attributes='{\"id\":\"1\",\"openpopupid\":\"\"}' style=\"display:block; overflow:auto; width:100%; height:400px; float:left;\"><\/div>\n\n\n<div style=\"height:40px\" aria-hidden=\"true\" class=\"wp-block-spacer\"><\/div>\n\n\n\n<h3 class=\"has-text-align-center\"><strong>Mit dem Auto<\/strong><\/h3>\n\n\n\n<hr class=\"wp-block-separator small-hr\"\/>\n\n\n\n<div style=\"height:40px\" aria-hidden=\"true\" class=\"wp-block-spacer\"><\/div>\n\n\n\n<p><strong>Anreise \u00fcber Deutschland:<\/strong><\/p>\n\n\n\n<ul><li>\u00fcber den Fernpass &#8211; Imst &#8211; Landeck &#8211; Ausfahrt Pians\/Paznaun\/Ischgl<\/li><li>\u00fcber Kufstein &#8211; Innsbruck &#8211; Landeck &#8211; Ausfahrt Pians\/Paznaun\/Ischgl<\/li><li>\u00fcber den Bodensee &#8211; Feldkirch &#8211; Arlberg &#8211; Ausfahrt Pians\/Paznaun\/Ischgl<\/li><\/ul>\n\n\n\n<p><strong>Anreise \u00fcber Italien:<\/strong><\/p>\n\n\n\n<ul><li>\u00fcber den Brenner &#8211; Innsbruck &#8211; Landeck &#8211; Ausfahrt Pians\/Paznaun\/Ischgl<\/li><li>\u00fcber den Reschenpass &#8211; Nauders &#8211; Landeck &#8211; Ausfahrt Pians\/Paznaun\/Ischgl<\/li><\/ul>\n\n\n\n<p><strong>Anreise \u00fcber die Schweiz:<\/strong><\/p>\n\n\n\n<ul><li>\u00fcber Feldkirch &#8211; Arlberg &#8211; Ausfahrt Pians\/Paznaun\/Ischgl<\/li><\/ul>\n\n\n\n<p>Verlassen Sie die Arlberg Schnellstra\u00dfe (S16) bei der Ausfahrt Pians\/Paznaun\/Ischgl. Fahren Sie ins Paznaun Richtung Kappl. Bis nach Kappl sind es noch ca. 15 km.<\/p>\n\n\n\n<p><strong>Bitte beachten Sie<\/strong>, dass Sie eine Autobahnvignette f\u00fcr \u00f6sterreichische Autobahnen ben\u00f6tigen. Diese sind in allen \u00f6sterreichischen und grenznahen Tankstellen erh\u00e4ltlich.<\/p>\n\n\n\n<p><strong>Achtung:<\/strong>&nbsp;Die Silvretta-Hochalpenstra\u00dfe ist nur in den Sommermonaten befahrbar! <\/p>\n\n\n\n<div style=\"height:40px\" aria-hidden=\"true\" class=\"wp-block-spacer\"><\/div>\n\n\n\n<h3 class=\"has-text-align-center\"><strong><strong>Vom Flughafen<\/strong><\/strong><\/h3>\n\n\n\n<hr class=\"wp-block-separator small-hr\"\/>\n\n\n\n<div style=\"height:40px\" aria-hidden=\"true\" class=\"wp-block-spacer\"><\/div>\n\n\n\n<p>Der n\u00e4chstgelegene Flughafen ist Innsbruck (INN). Von hier aus gelangen Sie mit Zug oder Bus \u00fcber Landeck und Paznaun nach Kappl.<\/p>\n\n\n\n<div style=\"height:40px\" aria-hidden=\"true\" class=\"wp-block-spacer\"><\/div>\n\n\n\n<h3 class=\"has-text-align-center\"><strong>Mit dem Zug<\/strong><\/h3>\n\n\n\n<hr class=\"wp-block-separator small-hr\"\/>\n\n\n\n<div style=\"height:40px\" aria-hidden=\"true\" class=\"wp-block-spacer\"><\/div>\n\n\n\n<p>Nehmen Sie den Zug zum Bahnhof Landeck-Zams und dann den Bus 260 nach Kappl. Die Busfahrt dauert in der Regel ca. 40 Minuten.<\/p>\n\n\n\n<p>Sollten Sie mit der Bahn oder dem Flugzeug anreisen, empfehlen wir Ihnen vorab Ihr Taxi zu reservieren. <\/p>\n\n\n\n<div style=\"height:20px\" aria-hidden=\"true\" class=\"wp-block-spacer\"><\/div>\n\n\n\n<div class=\"is-layout-flex wp-block-buttons\">\n<div class=\"wp-block-button book-like-button\"><a class=\"wp-block-button__link has-background\" href=\"https:\/\/www.alpentaxi.at\/de\/online-reservieren.html\" style=\"border-radius:5px;background-color:#ccb47a\" target=\"_blank\" rel=\"noreferrer noopener\">Taxi reservieren<\/a><\/div>\n<\/div>\n\n\n\n<p><\/p>\n","protected":false},"excerpt":{"rendered":"<p>SO FINDEN SIE UNS Lage und Anreise Das Apart Wechner befindet sich im Ort Kappl, Tirol, \u00d6sterreich nur 3 Fahrminuten vom Dorfzentrum in herrlich ruhiger und sonniger Lage mit einer atemberaubenden Aussicht entfernt. Die Lifestyle- und Skimetropole Ischgl ist nur 10 km entfernt. Adresse Hof 4076555 KapplTirol &#8211; \u00d6sterreich Mit dem Auto Anreise \u00fcber Deutschland: [&hellip;]<\/p>\n","protected":false},"author":1,"featured_media":0,"parent":0,"menu_order":0,"comment_status":"closed","ping_status":"closed","template":"","meta":{"inline_featured_image":false,"_uag_custom_page_level_css":""},"uagb_featured_image_src":{"full":false,"thumbnail":false,"medium":false,"medium_large":false,"large":false,"1536x1536":false,"2048x2048":false,"form-edit-image-preview":false},"uagb_author_info":{"display_name":"admin","author_link":"https:\/\/apart-wechner.at\/index.php\/author\/marcel-juen\/"},"uagb_comment_info":0,"uagb_excerpt":"SO FINDEN SIE UNS Lage und Anreise Das Apart Wechner befindet sich im Ort Kappl, Tirol, \u00d6sterreich nur 3 Fahrminuten vom Dorfzentrum in herrlich ruhiger und sonniger Lage mit einer atemberaubenden Aussicht entfernt. Die Lifestyle- und Skimetropole Ischgl ist nur 10 km entfernt. Adresse Hof 4076555 KapplTirol &#8211; \u00d6sterreich Mit dem Auto Anreise \u00fcber Deutschland:&hellip;","_links":{"self":[{"href":"https:\/\/apart-wechner.at\/index.php\/wp-json\/wp\/v2\/pages\/208"}],"collection":[{"href":"https:\/\/apart-wechner.at\/index.php\/wp-json\/wp\/v2\/pages"}],"about":[{"href":"https:\/\/apart-wechner.at\/index.php\/wp-json\/wp\/v2\/types\/page"}],"author":[{"embeddable":true,"href":"https:\/\/apart-wechner.at\/index.php\/wp-json\/wp\/v2\/users\/1"}],"replies":[{"embeddable":true,"href":"https:\/\/apart-wechner.at\/index.php\/wp-json\/wp\/v2\/comments?post=208"}],"version-history":[{"count":26,"href":"https:\/\/apart-wechner.at\/index.php\/wp-json\/wp\/v2\/pages\/208\/revisions"}],"predecessor-version":[{"id":1017,"href":"https:\/\/apart-wechner.at\/index.php\/wp-json\/wp\/v2\/pages\/208\/revisions\/1017"}],"wp:attachment":[{"href":"https:\/\/apart-wechner.at\/index.php\/wp-json\/wp\/v2\/media?parent=208"}],"curies":[{"name":"wp","href":"https:\/\/api.w.org\/{rel}","templated":true}]}}