{"id":239,"date":"2021-02-13T12:56:39","date_gmt":"2021-02-13T12:56:39","guid":{"rendered":"https:\/\/apart-wechner.at\/?page_id=239"},"modified":"2021-03-03T18:12:01","modified_gmt":"2021-03-03T18:12:01","slug":"anfrage","status":"publish","type":"page","link":"https:\/\/apart-wechner.at\/index.php\/anfrage\/","title":{"rendered":"Anfrage"},"content":{"rendered":"\n<div class=\"wp-block-uagb-advanced-heading uagb-block-21e0db94\"><h2 class=\"uagb-heading-text\">IHR URLAUB IN KAPPL IM PAZNAUN<\/h2><div class=\"uagb-separator-wrap\"><div class=\"uagb-separator\"><\/div><\/div><p class=\"uagb-desc-text\">Anfrage<\/p><\/div>\n\n\n\n<hr class=\"wp-block-separator small-hr\"\/>\n\n\n\n<div style=\"height:40px\" aria-hidden=\"true\" class=\"wp-block-spacer\"><\/div>\n\n\n\n<p class=\"has-text-align-center\">Einfach und unverbindlich anfragen &#8211; f\u00fcr Ihren Urlaub im Apart Wechner<\/p>\n\n\n\n<div style=\"height:40px\" aria-hidden=\"true\" class=\"wp-block-spacer\"><\/div>\n\n\n\n<form  class=\"kaliforms-form-container bootstrap-wrapper  \" data-form-id=\"245\" style=\"opacity:0\"><div id=\"kaliforms-global-error-message-245\" class=\"global-error-message\">Es ist ein Fehler aufgetreten! Ihre Nachricht konnte nicht \u00fcbermittelt werden.<\/div><div class=\"row kali-form-field-row\"><div class=\"col-12 col-md-6 \"><label  for=\"date7\">Anreise <span class=\"kali-required-mark\">*<\/span><\/label><input data-internal-id=\"date7\" type=\"date\" id=\"date7\" name=\"anreise\"required  class=\"input\"><\/div><div class=\"col-12 col-md-6 \"><label  for=\"date78\">Abreise <span class=\"kali-required-mark\">*<\/span><\/label><input data-internal-id=\"date8\" type=\"date\" id=\"date78\" name=\"abreise\"required  class=\"input\"><\/div><\/div><div class=\"row kali-form-field-row\"><div class=\"col-12 col-md-6 \"><label  for=\"textbox910\">Anzahl Erwachsene<\/label><input  data-internal-id=\"textbox10\" type=\"text\" id=\"textbox910\" name=\"anzahl-erwachsene\" data-properties.type=\"text\" ><\/div><div class=\"col-12 col-md-6 \"><label  for=\"textbox91011\">Anzahl Kinder<\/label><input  data-internal-id=\"textbox11\" type=\"text\" id=\"textbox91011\" name=\"anzahl-kinder\" data-properties.type=\"text\" ><\/div><\/div><div class=\"row kali-form-field-row\"><div class=\"col-12 col-md-6 \"><label  for=\"textbox910111213\">Alter der Kinder<\/label><input  data-internal-id=\"textbox13\" type=\"text\" id=\"textbox910111213\" name=\"alter-kinder\" data-properties.type=\"text\" ><\/div><div class=\"col-12 col-md-6 \"><label class=\"checkbox-label\" style=\"margin-bottom:15px;display:inline-block\">Apartments<\/label><label class=\"checkbox-label\"><input  data-internal-id=\"checkbox15\" type=\"checkbox\" id=\"checkbox150\" name=\"apartments\" data-flow=\"vertical\"  class=\"input\"  value=\"Apartment A\">Apartment A \/ f\u00fcr 2 - 7 Personen<\/label><label class=\"checkbox-label\"><input  data-internal-id=\"checkbox15\" type=\"checkbox\" id=\"checkbox151\" name=\"apartments\" data-flow=\"vertical\"  class=\"input\"  value=\"Apartment B\">Apartment B \/ f\u00fcr 2 - 4 Personen<\/label><label class=\"checkbox-label\"><input  data-internal-id=\"checkbox15\" type=\"checkbox\" id=\"checkbox152\" name=\"apartments\" data-flow=\"vertical\"  class=\"input\"  value=\"Kombiniert\">Kombiniert \/ Apartment A+B<\/label><\/div><\/div><div class=\"row kali-form-field-row\"><div class=\"col-12 col-md-6 \"><label  for=\"first-name\">Vorname <span class=\"kali-required-mark\">*<\/span><\/label><input  data-internal-id=\"textbox3\" type=\"text\" id=\"first-name\" name=\"vorname\" data-properties.type=\"text\" required ><\/div><div class=\"col-12 col-md-6 \"><label  for=\"last-name\">Nachname <span class=\"kali-required-mark\">*<\/span><\/label><input  data-internal-id=\"textbox9\" type=\"text\" id=\"last-name\" name=\"nachname\" data-properties.type=\"text\" required ><\/div><\/div><div class=\"row kali-form-field-row\"><div class=\"col-12 col-md-6 \"><label  for=\"email\">E-Mail <span class=\"kali-required-mark\">*<\/span><\/label><input  data-internal-id=\"textbox4\" type=\"text\" id=\"email\" name=\"email\" data-properties.type=\"text\" required ><\/div><div class=\"col-12 col-md-6 \"><label  for=\"textbox9101112131416\">Telefonnummer <span class=\"kali-required-mark\">*<\/span><\/label><input  data-internal-id=\"textbox16\" type=\"text\" id=\"textbox9101112131416\" name=\"telefon\" data-properties.type=\"text\" required ><\/div><\/div><div class=\"row kali-form-field-row\"><div class=\"col-12 col-md-6 \"><label  for=\"Street + house number\">Stra\u00dfe + Hausnummer<\/label><input  data-internal-id=\"textbox12\" type=\"text\" id=\"Street + house number\" name=\"strasse-hausnummer\" data-properties.type=\"text\" ><\/div><div class=\"col-12 col-md-6 \"><label  for=\"Postal code\">Postleitzahl<\/label><input  data-internal-id=\"textbox14\" type=\"text\" id=\"Postal code\" name=\"postleitzahl\" data-properties.type=\"text\" ><\/div><\/div><div class=\"row kali-form-field-row\"><div class=\"col-12 col-md-6 \"><label  for=\"textbox910111213141617\">Ort \/ Stadt<\/label><input  data-internal-id=\"textbox17\" type=\"text\" id=\"textbox910111213141617\" name=\"ort\" data-properties.type=\"text\" ><\/div><div class=\"col-12 col-md-6 \"><label  for=\"textbox91011121314161718\">Land<\/label><input  data-internal-id=\"textbox18\" type=\"text\" id=\"textbox91011121314161718\" name=\"land\" data-properties.type=\"text\" ><\/div><\/div><div class=\"row kali-form-field-row\"><div class=\"col-12 col-md-12 \"><label  for=\"textarea19\">Nachricht<\/label><textarea  data-internal-id=\"textarea19\" type=\"textarea\" id=\"textarea19\" name=\"nachricht\" rows=\"5\" class=\"input\"><\/textarea><\/div><\/div><div class=\"row kali-form-field-row\"><\/div><div class=\"row kali-form-field-row\"><div class=\"col-12 col-md-5 \"><div id=\"grecaptcha20\" data-field-type=\"grecaptcha\" data-sitekey=\"6LddcVYaAAAAAHFzcMFQVhrtcpJP1vg5Qa1h0WTK\"><\/div><\/div><\/div><div class=\"row kali-form-field-row\"><div class=\"col-12 col-md-12 \"><input  data-internal-id=\"submitbutton6\" type=\"submit\" id=\"submit\" data-style=\"default\"  class=\"input\" value=\"Senden\" ><\/div><\/div><!-- This form was built using Kali Forms --><\/form>\n\n\n\n<div style=\"height:40px\" aria-hidden=\"true\" class=\"wp-block-spacer\"><\/div>\n\n\n\n<p>Felder die mit einem * Stern gekennzeichnet sind m\u00fcssen ausgef\u00fcllt werden.<\/p>\n\n\n\n<p><strong>Eine Buchung ist erst nach Erhalt einer schriftlichen Buchungsbest\u00e4tigung g\u00fcltig! <\/strong><\/p>\n\n\n\n<p>Es gelten unsere <a rel=\"noreferrer noopener\" href=\"https:\/\/apart-wechner.at\/index.php\/buchungsbedingungen-agbs\/\" data-type=\"page\" data-id=\"198\" target=\"_blank\">Buchungsbedingungen &amp; AGB<\/a>.<\/p>\n","protected":false},"excerpt":{"rendered":"<p>IHR URLAUB IN KAPPL IM PAZNAUN Anfrage Einfach und unverbindlich anfragen &#8211; f\u00fcr Ihren Urlaub im Apart Wechner Felder die mit einem * Stern gekennzeichnet sind m\u00fcssen ausgef\u00fcllt werden. Eine Buchung ist erst nach Erhalt einer schriftlichen Buchungsbest\u00e4tigung g\u00fcltig! Es gelten unsere Buchungsbedingungen &amp; AGB.<\/p>\n","protected":false},"author":1,"featured_media":0,"parent":0,"menu_order":0,"comment_status":"closed","ping_status":"closed","template":"","meta":{"inline_featured_image":false,"_uag_custom_page_level_css":""},"uagb_featured_image_src":{"full":false,"thumbnail":false,"medium":false,"medium_large":false,"large":false,"1536x1536":false,"2048x2048":false,"form-edit-image-preview":false},"uagb_author_info":{"display_name":"admin","author_link":"https:\/\/apart-wechner.at\/index.php\/author\/marcel-juen\/"},"uagb_comment_info":0,"uagb_excerpt":"IHR URLAUB IN KAPPL IM PAZNAUN Anfrage Einfach und unverbindlich anfragen &#8211; f\u00fcr Ihren Urlaub im Apart Wechner Felder die mit einem * Stern gekennzeichnet sind m\u00fcssen ausgef\u00fcllt werden. Eine Buchung ist erst nach Erhalt einer schriftlichen Buchungsbest\u00e4tigung g\u00fcltig! Es gelten unsere Buchungsbedingungen &amp; AGB.","_links":{"self":[{"href":"https:\/\/apart-wechner.at\/index.php\/wp-json\/wp\/v2\/pages\/239"}],"collection":[{"href":"https:\/\/apart-wechner.at\/index.php\/wp-json\/wp\/v2\/pages"}],"about":[{"href":"https:\/\/apart-wechner.at\/index.php\/wp-json\/wp\/v2\/types\/page"}],"author":[{"embeddable":true,"href":"https:\/\/apart-wechner.at\/index.php\/wp-json\/wp\/v2\/users\/1"}],"replies":[{"embeddable":true,"href":"https:\/\/apart-wechner.at\/index.php\/wp-json\/wp\/v2\/comments?post=239"}],"version-history":[{"count":12,"href":"https:\/\/apart-wechner.at\/index.php\/wp-json\/wp\/v2\/pages\/239\/revisions"}],"predecessor-version":[{"id":716,"href":"https:\/\/apart-wechner.at\/index.php\/wp-json\/wp\/v2\/pages\/239\/revisions\/716"}],"wp:attachment":[{"href":"https:\/\/apart-wechner.at\/index.php\/wp-json\/wp\/v2\/media?parent=239"}],"curies":[{"name":"wp","href":"https:\/\/api.w.org\/{rel}","templated":true}]}}