{"id":266,"date":"2021-02-13T13:34:34","date_gmt":"2021-02-13T13:34:34","guid":{"rendered":"https:\/\/apart-wechner.at\/?page_id=266"},"modified":"2021-07-29T16:37:12","modified_gmt":"2021-07-29T16:37:12","slug":"winter","status":"publish","type":"page","link":"https:\/\/apart-wechner.at\/index.php\/winter\/","title":{"rendered":"Winter im Paznaun"},"content":{"rendered":"\n<div class=\"wp-block-uagb-advanced-heading uagb-block-34fa1564\"><h2 class=\"uagb-heading-text\">PULVERSCHNEE &amp; WINTERSONNE<\/h2><div class=\"uagb-separator-wrap\"><div class=\"uagb-separator\"><\/div><\/div><p class=\"uagb-desc-text\">Aktiver Winterurlaub im Paznaun<\/p><\/div>\n\n\n\n<hr class=\"wp-block-separator small-hr\"\/>\n\n\n\n<div style=\"height:40px\" aria-hidden=\"true\" class=\"wp-block-spacer\"><\/div>\n\n\n\n<p>Umgeben von der Silvretta-Gebirgskette, zwischen der Verwall- und Samnaungruppe liegt es \u2013 das idyllische Bergdorf Kappl im Paznaun. Der Ort liegt zentral im Paznaun und grenzt an die die Skimetropole Ischgl an. Genie\u00dfen Sie die atemberaubenden Schneelandschaften. Der&nbsp;<strong>Winter im Paznaun<\/strong>&nbsp;hat etwas Magisches an sich. Die ganze Welt scheint unter der glitzernden wei\u00dfen Pracht zu ruhen und die kristallklare, frische Winterluft verspricht einzigartige Momente.<\/p>\n\n\n\n<p>Das Skigebiet in Kappl garantiert Familien und Genussskifahrern ein wahres Winter-Erlebnis. Im Skigebiet Kappl erwarten Sie&nbsp;<strong>42 bestens pr\u00e4parierte Pistenkilometer<\/strong>, verteilt auf&nbsp;<strong>22 Abfahrtsm\u00f6glichkeiten<\/strong>, zwei Ski- und Snowboardschulen, ein&nbsp;<strong>Funpark<\/strong> f\u00fcr Freestyle-Einsteiger und noch vieles mehr. Auch der auf 25.000 m<sup>2<\/sup> errichte Sunny Mountain Erlebnispark l\u00e4sst Kinderherzen h\u00f6her schlagen und erm\u00f6glicht den Eltern \u2013 Dank der tollen Tagesbetreuung, ein wenig Zeit f\u00fcr sich, um ihre pers\u00f6nlichen Interessen zu verfolgen. Auch etabliert als wahrer Freeride-Hotspot lockt Kappl jeden Winter zahlreiche Tiefschneeaffine und Tourenliebhaber in unser Paradies.<\/p>\n\n\n\n<p>Sie m\u00f6chten nicht nur die 42 Pistenkilometer in Kappl entdecken, sondern \u00fcber die Grenzen hinaus das pure Skierlebnis genie\u00dfen. Der Silvretta Skipass und die Skiverbundtickets machen es m\u00f6glich!&nbsp;<strong>73 Lift- und Seilbahnanlangen<\/strong>&nbsp;in Kappl, Ischgl-Samnaun, Galt\u00fcr und See. Dazu Pisten mit allen Schwierigkeitsstufen vom Anf\u00e4nger \u00fcber Familien bis zum absoluten Profi!<\/p>\n\n\n\n<div style=\"height:60px\" aria-hidden=\"true\" class=\"wp-block-spacer\"><\/div>\n\n\n\n<figure class=\"is-layout-flex wp-block-gallery-1 wp-block-gallery columns-3 is-cropped\"><ul class=\"blocks-gallery-grid\"><li class=\"blocks-gallery-item\"><figure><a href=\"https:\/\/apart-wechner.at\/wp-content\/uploads\/2021\/02\/Bild-2-4-scaled.jpg\"><img decoding=\"async\" width=\"1024\" height=\"683\" src=\"https:\/\/apart-wechner.at\/wp-content\/uploads\/2021\/02\/Bild-2-4-1024x683.jpg\" alt=\"\" data-id=\"269\" data-full-url=\"https:\/\/apart-wechner.at\/wp-content\/uploads\/2021\/02\/Bild-2-4-scaled.jpg\" data-link=\"https:\/\/apart-wechner.at\/index.php\/winter\/ski-alpin-ischgl-24-1-2017\/\" class=\"wp-image-269\" srcset=\"https:\/\/apart-wechner.at\/wp-content\/uploads\/2021\/02\/Bild-2-4-1024x683.jpg 1024w, https:\/\/apart-wechner.at\/wp-content\/uploads\/2021\/02\/Bild-2-4-300x200.jpg 300w, https:\/\/apart-wechner.at\/wp-content\/uploads\/2021\/02\/Bild-2-4-768x512.jpg 768w, https:\/\/apart-wechner.at\/wp-content\/uploads\/2021\/02\/Bild-2-4-1536x1024.jpg 1536w, https:\/\/apart-wechner.at\/wp-content\/uploads\/2021\/02\/Bild-2-4-2048x1366.jpg 2048w, https:\/\/apart-wechner.at\/wp-content\/uploads\/2021\/02\/Bild-2-4-174x116.jpg 174w\" sizes=\"(max-width: 1024px) 100vw, 1024px\" \/><\/a><\/figure><\/li><li class=\"blocks-gallery-item\"><figure><a href=\"https:\/\/apart-wechner.at\/wp-content\/uploads\/2021\/02\/Bild-3-4-scaled.jpg\"><img decoding=\"async\" width=\"1024\" height=\"682\" src=\"https:\/\/apart-wechner.at\/wp-content\/uploads\/2021\/02\/Bild-3-4-1024x682.jpg\" alt=\"\" data-id=\"270\" data-full-url=\"https:\/\/apart-wechner.at\/wp-content\/uploads\/2021\/02\/Bild-3-4-scaled.jpg\" data-link=\"https:\/\/apart-wechner.at\/index.php\/winter\/bild-3-4\/\" class=\"wp-image-270\" srcset=\"https:\/\/apart-wechner.at\/wp-content\/uploads\/2021\/02\/Bild-3-4-1024x682.jpg 1024w, https:\/\/apart-wechner.at\/wp-content\/uploads\/2021\/02\/Bild-3-4-300x200.jpg 300w, https:\/\/apart-wechner.at\/wp-content\/uploads\/2021\/02\/Bild-3-4-768x511.jpg 768w, https:\/\/apart-wechner.at\/wp-content\/uploads\/2021\/02\/Bild-3-4-1536x1023.jpg 1536w, https:\/\/apart-wechner.at\/wp-content\/uploads\/2021\/02\/Bild-3-4-2048x1363.jpg 2048w, https:\/\/apart-wechner.at\/wp-content\/uploads\/2021\/02\/Bild-3-4-174x116.jpg 174w\" sizes=\"(max-width: 1024px) 100vw, 1024px\" \/><\/a><\/figure><\/li><li class=\"blocks-gallery-item\"><figure><a href=\"https:\/\/apart-wechner.at\/wp-content\/uploads\/2021\/02\/Bild-4-4-scaled.jpg\"><img decoding=\"async\" width=\"1024\" height=\"682\" src=\"https:\/\/apart-wechner.at\/wp-content\/uploads\/2021\/02\/Bild-4-4-1024x682.jpg\" alt=\"\" data-id=\"271\" data-full-url=\"https:\/\/apart-wechner.at\/wp-content\/uploads\/2021\/02\/Bild-4-4-scaled.jpg\" data-link=\"https:\/\/apart-wechner.at\/index.php\/winter\/bild-4-4\/\" class=\"wp-image-271\" srcset=\"https:\/\/apart-wechner.at\/wp-content\/uploads\/2021\/02\/Bild-4-4-1024x682.jpg 1024w, https:\/\/apart-wechner.at\/wp-content\/uploads\/2021\/02\/Bild-4-4-300x200.jpg 300w, https:\/\/apart-wechner.at\/wp-content\/uploads\/2021\/02\/Bild-4-4-768x511.jpg 768w, https:\/\/apart-wechner.at\/wp-content\/uploads\/2021\/02\/Bild-4-4-1536x1022.jpg 1536w, https:\/\/apart-wechner.at\/wp-content\/uploads\/2021\/02\/Bild-4-4-2048x1363.jpg 2048w, https:\/\/apart-wechner.at\/wp-content\/uploads\/2021\/02\/Bild-4-4-174x116.jpg 174w\" sizes=\"(max-width: 1024px) 100vw, 1024px\" \/><\/a><\/figure><\/li><li class=\"blocks-gallery-item\"><figure><a href=\"https:\/\/apart-wechner.at\/wp-content\/uploads\/2021\/02\/Bild-5-4-scaled.jpg\"><img decoding=\"async\" width=\"1024\" height=\"682\" src=\"https:\/\/apart-wechner.at\/wp-content\/uploads\/2021\/02\/Bild-5-4-1024x682.jpg\" alt=\"\" data-id=\"272\" data-full-url=\"https:\/\/apart-wechner.at\/wp-content\/uploads\/2021\/02\/Bild-5-4-scaled.jpg\" data-link=\"https:\/\/apart-wechner.at\/index.php\/winter\/bild-5-3\/\" class=\"wp-image-272\" srcset=\"https:\/\/apart-wechner.at\/wp-content\/uploads\/2021\/02\/Bild-5-4-1024x682.jpg 1024w, https:\/\/apart-wechner.at\/wp-content\/uploads\/2021\/02\/Bild-5-4-300x200.jpg 300w, https:\/\/apart-wechner.at\/wp-content\/uploads\/2021\/02\/Bild-5-4-768x511.jpg 768w, https:\/\/apart-wechner.at\/wp-content\/uploads\/2021\/02\/Bild-5-4-1536x1022.jpg 1536w, https:\/\/apart-wechner.at\/wp-content\/uploads\/2021\/02\/Bild-5-4-2048x1363.jpg 2048w, https:\/\/apart-wechner.at\/wp-content\/uploads\/2021\/02\/Bild-5-4-174x116.jpg 174w\" sizes=\"(max-width: 1024px) 100vw, 1024px\" \/><\/a><\/figure><\/li><li class=\"blocks-gallery-item\"><figure><a href=\"https:\/\/apart-wechner.at\/wp-content\/uploads\/2021\/02\/Bild-6-2-scaled.jpg\"><img decoding=\"async\" width=\"1024\" height=\"682\" src=\"https:\/\/apart-wechner.at\/wp-content\/uploads\/2021\/02\/Bild-6-2-1024x682.jpg\" alt=\"\" data-id=\"273\" data-full-url=\"https:\/\/apart-wechner.at\/wp-content\/uploads\/2021\/02\/Bild-6-2-scaled.jpg\" data-link=\"https:\/\/apart-wechner.at\/index.php\/winter\/bild-6-2\/\" class=\"wp-image-273\" srcset=\"https:\/\/apart-wechner.at\/wp-content\/uploads\/2021\/02\/Bild-6-2-1024x682.jpg 1024w, https:\/\/apart-wechner.at\/wp-content\/uploads\/2021\/02\/Bild-6-2-300x200.jpg 300w, https:\/\/apart-wechner.at\/wp-content\/uploads\/2021\/02\/Bild-6-2-768x511.jpg 768w, https:\/\/apart-wechner.at\/wp-content\/uploads\/2021\/02\/Bild-6-2-1536x1022.jpg 1536w, https:\/\/apart-wechner.at\/wp-content\/uploads\/2021\/02\/Bild-6-2-2048x1363.jpg 2048w, https:\/\/apart-wechner.at\/wp-content\/uploads\/2021\/02\/Bild-6-2-174x116.jpg 174w\" sizes=\"(max-width: 1024px) 100vw, 1024px\" \/><\/a><\/figure><\/li><li class=\"blocks-gallery-item\"><figure><a href=\"https:\/\/apart-wechner.at\/wp-content\/uploads\/2021\/02\/Bild-7-2-scaled.jpg\"><img decoding=\"async\" width=\"1024\" height=\"683\" src=\"https:\/\/apart-wechner.at\/wp-content\/uploads\/2021\/02\/Bild-7-2-1024x683.jpg\" alt=\"\" data-id=\"274\" data-full-url=\"https:\/\/apart-wechner.at\/wp-content\/uploads\/2021\/02\/Bild-7-2-scaled.jpg\" data-link=\"https:\/\/apart-wechner.at\/index.php\/winter\/bild-7-2\/\" class=\"wp-image-274\" srcset=\"https:\/\/apart-wechner.at\/wp-content\/uploads\/2021\/02\/Bild-7-2-1024x683.jpg 1024w, https:\/\/apart-wechner.at\/wp-content\/uploads\/2021\/02\/Bild-7-2-300x200.jpg 300w, https:\/\/apart-wechner.at\/wp-content\/uploads\/2021\/02\/Bild-7-2-768x512.jpg 768w, https:\/\/apart-wechner.at\/wp-content\/uploads\/2021\/02\/Bild-7-2-1536x1024.jpg 1536w, https:\/\/apart-wechner.at\/wp-content\/uploads\/2021\/02\/Bild-7-2-2048x1365.jpg 2048w, https:\/\/apart-wechner.at\/wp-content\/uploads\/2021\/02\/Bild-7-2-174x116.jpg 174w\" sizes=\"(max-width: 1024px) 100vw, 1024px\" \/><\/a><\/figure><\/li><li class=\"blocks-gallery-item\"><figure><a href=\"https:\/\/apart-wechner.at\/wp-content\/uploads\/2021\/02\/Bild-8-2-scaled.jpg\"><img decoding=\"async\" width=\"1024\" height=\"683\" src=\"https:\/\/apart-wechner.at\/wp-content\/uploads\/2021\/02\/Bild-8-2-1024x683.jpg\" alt=\"\" data-id=\"275\" data-full-url=\"https:\/\/apart-wechner.at\/wp-content\/uploads\/2021\/02\/Bild-8-2-scaled.jpg\" data-link=\"https:\/\/apart-wechner.at\/index.php\/winter\/bild-8-2\/\" class=\"wp-image-275\" srcset=\"https:\/\/apart-wechner.at\/wp-content\/uploads\/2021\/02\/Bild-8-2-1024x683.jpg 1024w, https:\/\/apart-wechner.at\/wp-content\/uploads\/2021\/02\/Bild-8-2-300x200.jpg 300w, https:\/\/apart-wechner.at\/wp-content\/uploads\/2021\/02\/Bild-8-2-768x512.jpg 768w, https:\/\/apart-wechner.at\/wp-content\/uploads\/2021\/02\/Bild-8-2-1536x1024.jpg 1536w, https:\/\/apart-wechner.at\/wp-content\/uploads\/2021\/02\/Bild-8-2-2048x1365.jpg 2048w, https:\/\/apart-wechner.at\/wp-content\/uploads\/2021\/02\/Bild-8-2-174x116.jpg 174w\" sizes=\"(max-width: 1024px) 100vw, 1024px\" \/><\/a><\/figure><\/li><li class=\"blocks-gallery-item\"><figure><a href=\"https:\/\/apart-wechner.at\/wp-content\/uploads\/2021\/02\/Bild-9-2-scaled.jpg\"><img decoding=\"async\" width=\"1024\" height=\"683\" src=\"https:\/\/apart-wechner.at\/wp-content\/uploads\/2021\/02\/Bild-9-2-1024x683.jpg\" alt=\"\" data-id=\"276\" data-full-url=\"https:\/\/apart-wechner.at\/wp-content\/uploads\/2021\/02\/Bild-9-2-scaled.jpg\" data-link=\"https:\/\/apart-wechner.at\/index.php\/winter\/bild-9-2\/\" class=\"wp-image-276\" srcset=\"https:\/\/apart-wechner.at\/wp-content\/uploads\/2021\/02\/Bild-9-2-1024x683.jpg 1024w, https:\/\/apart-wechner.at\/wp-content\/uploads\/2021\/02\/Bild-9-2-300x200.jpg 300w, https:\/\/apart-wechner.at\/wp-content\/uploads\/2021\/02\/Bild-9-2-768x512.jpg 768w, https:\/\/apart-wechner.at\/wp-content\/uploads\/2021\/02\/Bild-9-2-1536x1024.jpg 1536w, https:\/\/apart-wechner.at\/wp-content\/uploads\/2021\/02\/Bild-9-2-2048x1365.jpg 2048w, https:\/\/apart-wechner.at\/wp-content\/uploads\/2021\/02\/Bild-9-2-174x116.jpg 174w\" sizes=\"(max-width: 1024px) 100vw, 1024px\" \/><\/a><\/figure><\/li><li class=\"blocks-gallery-item\"><figure><a href=\"https:\/\/apart-wechner.at\/wp-content\/uploads\/2021\/02\/Bild-10-3-scaled.jpg\"><img decoding=\"async\" width=\"1024\" height=\"683\" src=\"https:\/\/apart-wechner.at\/wp-content\/uploads\/2021\/02\/Bild-10-3-1024x683.jpg\" alt=\"\" data-id=\"277\" data-full-url=\"https:\/\/apart-wechner.at\/wp-content\/uploads\/2021\/02\/Bild-10-3-scaled.jpg\" data-link=\"https:\/\/apart-wechner.at\/index.php\/winter\/schneeschuhlaufen-kappl-6-2-2020-2\/\" class=\"wp-image-277\" srcset=\"https:\/\/apart-wechner.at\/wp-content\/uploads\/2021\/02\/Bild-10-3-1024x683.jpg 1024w, https:\/\/apart-wechner.at\/wp-content\/uploads\/2021\/02\/Bild-10-3-300x200.jpg 300w, https:\/\/apart-wechner.at\/wp-content\/uploads\/2021\/02\/Bild-10-3-768x512.jpg 768w, https:\/\/apart-wechner.at\/wp-content\/uploads\/2021\/02\/Bild-10-3-1536x1024.jpg 1536w, https:\/\/apart-wechner.at\/wp-content\/uploads\/2021\/02\/Bild-10-3-2048x1365.jpg 2048w, https:\/\/apart-wechner.at\/wp-content\/uploads\/2021\/02\/Bild-10-3-174x116.jpg 174w\" sizes=\"(max-width: 1024px) 100vw, 1024px\" \/><\/a><\/figure><\/li><li class=\"blocks-gallery-item\"><figure><a href=\"https:\/\/apart-wechner.at\/wp-content\/uploads\/2021\/02\/Bild-1-small-scaled.jpg\"><img decoding=\"async\" width=\"1024\" height=\"683\" src=\"https:\/\/apart-wechner.at\/wp-content\/uploads\/2021\/02\/Bild-1-small-1024x683.jpg\" alt=\"\" data-id=\"278\" data-full-url=\"https:\/\/apart-wechner.at\/wp-content\/uploads\/2021\/02\/Bild-1-small-scaled.jpg\" data-link=\"https:\/\/apart-wechner.at\/index.php\/winter\/ski-alpin-ischgl-24-1-2017-2\/\" class=\"wp-image-278\" srcset=\"https:\/\/apart-wechner.at\/wp-content\/uploads\/2021\/02\/Bild-1-small-1024x683.jpg 1024w, https:\/\/apart-wechner.at\/wp-content\/uploads\/2021\/02\/Bild-1-small-300x200.jpg 300w, https:\/\/apart-wechner.at\/wp-content\/uploads\/2021\/02\/Bild-1-small-768x512.jpg 768w, https:\/\/apart-wechner.at\/wp-content\/uploads\/2021\/02\/Bild-1-small-1536x1024.jpg 1536w, https:\/\/apart-wechner.at\/wp-content\/uploads\/2021\/02\/Bild-1-small-2048x1365.jpg 2048w, https:\/\/apart-wechner.at\/wp-content\/uploads\/2021\/02\/Bild-1-small-174x116.jpg 174w\" sizes=\"(max-width: 1024px) 100vw, 1024px\" \/><\/a><\/figure><\/li><\/ul><\/figure>\n\n\n\n<div style=\"height:60px\" aria-hidden=\"true\" class=\"wp-block-spacer\"><\/div>\n\n\n\n<div class=\"is-layout-flex wp-container-8 wp-block-columns\">\n<div class=\"is-layout-flow wp-block-column\">\n<div class=\"wp-block-image image-bottom-border popmake-433\"><figure class=\"aligncenter size-thumbnail is-resized\"><img decoding=\"async\" src=\"https:\/\/apart-wechner.at\/wp-content\/uploads\/2021\/02\/noun_weather_2872367.svg\" alt=\"Wetter\" class=\"wp-image-453\" width=\"50\" height=\"50\"\/><\/figure><\/div>\n<\/div>\n\n\n\n<div class=\"is-layout-flow wp-block-column\">\n<div class=\"wp-block-image image-bottom-border popmake-477\"><figure class=\"aligncenter size-large is-resized\"><img decoding=\"async\" src=\"https:\/\/apart-wechner.at\/wp-content\/uploads\/2021\/02\/noun_Cloud-Video_951198.svg\" alt=\"Webcams\" class=\"wp-image-454\" width=\"50\" height=\"50\"\/><\/figure><\/div>\n<\/div>\n\n\n\n<div class=\"is-layout-flow wp-block-column\">\n<div class=\"wp-block-image image-bottom-border popmake-479\"><figure class=\"aligncenter size-large is-resized\"><img decoding=\"async\" src=\"https:\/\/apart-wechner.at\/wp-content\/uploads\/2021\/02\/noun_events_3042143.svg\" alt=\"Events\" class=\"wp-image-455\" width=\"50\" height=\"50\"\/><\/figure><\/div>\n<\/div>\n\n\n\n<div class=\"is-layout-flow wp-block-column\">\n<div class=\"wp-block-image image-bottom-border popmake-481\"><figure class=\"aligncenter size-large is-resized\"><img decoding=\"async\" src=\"https:\/\/apart-wechner.at\/wp-content\/uploads\/2021\/02\/noun_Ski-Lift_2354919.svg\" alt=\"Pistenplan\" class=\"wp-image-456\" width=\"50\" height=\"50\"\/><\/figure><\/div>\n<\/div>\n\n\n\n<div class=\"is-layout-flow wp-block-column\">\n<div class=\"wp-block-image image-bottom-border popmake-483\"><figure class=\"aligncenter size-large is-resized\"><img decoding=\"async\" src=\"https:\/\/apart-wechner.at\/wp-content\/uploads\/2021\/02\/noun_taxes_3518204.svg\" alt=\"Skipasskalkulator\" class=\"wp-image-457\" width=\"50\" height=\"50\"\/><\/figure><\/div>\n<\/div>\n<\/div>\n\n\n\n<div style=\"height:60px\" aria-hidden=\"true\" class=\"wp-block-spacer\"><\/div>\n\n\n\n<div class=\"wp-block-uagb-advanced-heading uagb-block-50d4f7f2\"><h2 class=\"uagb-heading-text\">WUNDERVOLLE WINTERWELT <\/h2><div class=\"uagb-separator-wrap\"><div class=\"uagb-separator\"><\/div><\/div><p class=\"uagb-desc-text\">Abseits der Pisten<\/p><\/div>\n\n\n\n<hr class=\"wp-block-separator small-hr\" id=\"small-hr\"\/>\n\n\n\n<div style=\"height:40px\" aria-hidden=\"true\" class=\"wp-block-spacer\"><\/div>\n\n\n\n<figure class=\"wp-block-image size-large\"><img decoding=\"async\" width=\"1024\" height=\"661\" src=\"https:\/\/apart-wechner.at\/wp-content\/uploads\/2021\/02\/Bild-1-4-1024x661.jpg\" alt=\"\" class=\"wp-image-279\" srcset=\"https:\/\/apart-wechner.at\/wp-content\/uploads\/2021\/02\/Bild-1-4-1024x661.jpg 1024w, https:\/\/apart-wechner.at\/wp-content\/uploads\/2021\/02\/Bild-1-4-300x194.jpg 300w, https:\/\/apart-wechner.at\/wp-content\/uploads\/2021\/02\/Bild-1-4-768x496.jpg 768w, https:\/\/apart-wechner.at\/wp-content\/uploads\/2021\/02\/Bild-1-4-1536x992.jpg 1536w, https:\/\/apart-wechner.at\/wp-content\/uploads\/2021\/02\/Bild-1-4-2048x1323.jpg 2048w, https:\/\/apart-wechner.at\/wp-content\/uploads\/2021\/02\/Bild-1-4-180x116.jpg 180w\" sizes=\"(max-width: 1024px) 100vw, 1024px\" \/><\/figure>\n\n\n\n<div style=\"height:40px\" aria-hidden=\"true\" class=\"wp-block-spacer\"><\/div>\n\n\n\n<p>Nicht nur Skifahrer, Snowboarder und Freerider kommen in Kappl auf ihre Kosten. Auch <strong>abseits der Piste<\/strong> gibt es jede Menge an sportlichen Aktivit\u00e4ten zu entdecken. Ganz gleich, ob Tourenski-Fan, Rodel-Spezialist oder Schneeschuhwanderer. Den <strong>Winterzauber im Paznaun<\/strong> kann man auf unterschiedlichste Weise entdecken:<\/p>\n\n\n\n<ul><li>Schneeschuhwandern in der unber\u00fchrten Winterlandschaft<\/li><li>Ruhe und Stille beim Winterwandern<\/li><li>Rodelspa\u00df bei Tag und Nacht<\/li><li>hoch hinauf beim Skitourengehen<\/li><li>Langlaufen \u2013 nordisch Sport in Tirol<\/li><li>Mountainbikevergn\u00fcgen im Winter \u2013 Fatbiken im Schnee<\/li><\/ul>\n\n\n\n<p>Entdecken Sie Neues, gemeinsam mit Ihrer Familie \u2013 und das jeden Urlaubstag!<\/p>\n","protected":false},"excerpt":{"rendered":"<p>PULVERSCHNEE &amp; WINTERSONNE Aktiver Winterurlaub im Paznaun Umgeben von der Silvretta-Gebirgskette, zwischen der Verwall- und Samnaungruppe liegt es \u2013 das idyllische Bergdorf Kappl im Paznaun. Der Ort liegt zentral im Paznaun und grenzt an die die Skimetropole Ischgl an. Genie\u00dfen Sie die atemberaubenden Schneelandschaften. Der&nbsp;Winter im Paznaun&nbsp;hat etwas Magisches an sich. Die ganze Welt scheint [&hellip;]<\/p>\n","protected":false},"author":1,"featured_media":0,"parent":0,"menu_order":0,"comment_status":"closed","ping_status":"closed","template":"","meta":{"inline_featured_image":false,"_uag_custom_page_level_css":""},"uagb_featured_image_src":{"full":false,"thumbnail":false,"medium":false,"medium_large":false,"large":false,"1536x1536":false,"2048x2048":false,"form-edit-image-preview":false},"uagb_author_info":{"display_name":"admin","author_link":"https:\/\/apart-wechner.at\/index.php\/author\/marcel-juen\/"},"uagb_comment_info":0,"uagb_excerpt":"PULVERSCHNEE &amp; WINTERSONNE Aktiver Winterurlaub im Paznaun Umgeben von der Silvretta-Gebirgskette, zwischen der Verwall- und Samnaungruppe liegt es \u2013 das idyllische Bergdorf Kappl im Paznaun. Der Ort liegt zentral im Paznaun und grenzt an die die Skimetropole Ischgl an. Genie\u00dfen Sie die atemberaubenden Schneelandschaften. Der&nbsp;Winter im Paznaun&nbsp;hat etwas Magisches an sich. Die ganze Welt scheint&hellip;","_links":{"self":[{"href":"https:\/\/apart-wechner.at\/index.php\/wp-json\/wp\/v2\/pages\/266"}],"collection":[{"href":"https:\/\/apart-wechner.at\/index.php\/wp-json\/wp\/v2\/pages"}],"about":[{"href":"https:\/\/apart-wechner.at\/index.php\/wp-json\/wp\/v2\/types\/page"}],"author":[{"embeddable":true,"href":"https:\/\/apart-wechner.at\/index.php\/wp-json\/wp\/v2\/users\/1"}],"replies":[{"embeddable":true,"href":"https:\/\/apart-wechner.at\/index.php\/wp-json\/wp\/v2\/comments?post=266"}],"version-history":[{"count":27,"href":"https:\/\/apart-wechner.at\/index.php\/wp-json\/wp\/v2\/pages\/266\/revisions"}],"predecessor-version":[{"id":1143,"href":"https:\/\/apart-wechner.at\/index.php\/wp-json\/wp\/v2\/pages\/266\/revisions\/1143"}],"wp:attachment":[{"href":"https:\/\/apart-wechner.at\/index.php\/wp-json\/wp\/v2\/media?parent=266"}],"curies":[{"name":"wp","href":"https:\/\/api.w.org\/{rel}","templated":true}]}}