{"id":39,"date":"2021-02-12T16:19:21","date_gmt":"2021-02-12T16:19:21","guid":{"rendered":"https:\/\/apart-wechner.at\/?page_id=39"},"modified":"2025-08-06T20:01:22","modified_gmt":"2025-08-06T20:01:22","slug":"willkommen","status":"publish","type":"page","link":"https:\/\/apart-wechner.at\/","title":{"rendered":"Willkommen"},"content":{"rendered":"\n<div class=\"wp-block-uagb-advanced-heading uagb-block-c179efe7\"><h2 class=\"uagb-heading-text\">ANKOMMEN &amp; WOHLF\u00dcHLEN<\/h2><div class=\"uagb-separator\"><\/div><p class=\"uagb-desc-text\">Apart Wechner in Kappl<\/p><\/div>\n\n\n\n<hr class=\"wp-block-separator has-css-opacity small-hr\"\/>\n\n\n\n<div style=\"height:40px\" aria-hidden=\"true\" class=\"wp-block-spacer\"><\/div>\n\n\n\n<div class=\"is-layout-flex wp-container-3 wp-block-columns\">\n<div class=\"is-layout-flow wp-block-column\">\n<p><strong>Willkommen <\/strong>im Apart Wechner &#8211; Ein gem\u00fctliches Haus, zwei komfortable, stilvoll eingerichtete und vollst\u00e4ndig ausgestattete Apartments f\u00fcr 2 bis 7 Personen laden Sie im <a href=\"https:\/\/apart-wechner.at\/index.php\/winter\/\"><span style=\"text-decoration: underline;\">Winter<\/span><\/a> wie auch im <a href=\"https:\/\/apart-wechner.at\/index.php\/sommer\/\"><span style=\"text-decoration: underline;\">Sommer<\/span><\/a> zu einem erholsamen Urlaub&nbsp;mitten im Herzen der Tiroler Alpen ein.<\/p>\n\n\n\n<p>Unsere <a href=\"https:\/\/apart-wechner.at\/index.php\/aparment-ueberblick\/\"><span style=\"text-decoration: underline;\">Apartments<\/span><\/a> befinden sich in traumhafter, ruhiger und sonniger Lage mit imposanten Bergpanorama f\u00fcr entspannte N\u00e4chte nach einem atem- beraubenden Skitag! Unsere Lage erm\u00f6glicht Ihnen bei geeigneter Schneelage die Skiabfahrt auf der Skiroute \u201e15\u201c bis in Hausn\u00e4he. Die Haltestelle f\u00fcr den kostenlosen Skibus befindet sich in unmittelbarer N\u00e4he. Die bekannte Lifestyle Metropole Ischgl erreichen Sie in nur 13 Autominuten oder bequem mit dem kostenlosen Skibus. Auch im Sommer profitieren Sie und k\u00f6nnen Ihre Wanderung oder Mountainbike-Tour direkt vor der Haust\u00fcre beginnen. Zudem k\u00f6nnen Sie viele Vorteile mit der Silvretta Card Premium schon ab einer Nacht genie\u00dfen. (<a href=\"https:\/\/www.kappl.com\/de\/sommer\/silvrettacardpremium\" data-type=\"URL\" target=\"_blank\" rel=\"noreferrer noopener\">Zur Silvretta Card<\/a>)<\/p>\n<\/div>\n\n\n\n<div class=\"is-layout-flow wp-block-column\" style=\"flex-basis:40%\"><div class=\"wp-block-image is-style-rounded\">\n<figure class=\"aligncenter size-large is-resized\"><a href=\"https:\/\/apart-wechner.at\/index.php\/ueber-uns\/\"><img decoding=\"async\" src=\"https:\/\/apart-wechner.at\/wp-content\/uploads\/2021\/02\/Familie-Huber-731x1024.jpg\" alt=\"\" class=\"wp-image-53\" width=\"131\" height=\"183\" srcset=\"https:\/\/apart-wechner.at\/wp-content\/uploads\/2021\/02\/Familie-Huber-731x1024.jpg 731w, https:\/\/apart-wechner.at\/wp-content\/uploads\/2021\/02\/Familie-Huber-214x300.jpg 214w, https:\/\/apart-wechner.at\/wp-content\/uploads\/2021\/02\/Familie-Huber-768x1075.jpg 768w, https:\/\/apart-wechner.at\/wp-content\/uploads\/2021\/02\/Familie-Huber-1097x1536.jpg 1097w, https:\/\/apart-wechner.at\/wp-content\/uploads\/2021\/02\/Familie-Huber-1463x2048.jpg 1463w, https:\/\/apart-wechner.at\/wp-content\/uploads\/2021\/02\/Familie-Huber-scaled.jpg 1829w\" sizes=\"(max-width: 131px) 100vw, 131px\" \/><\/a><\/figure><\/div>\n\n\n<blockquote class=\"wp-block-quote is-style-default\">\n<p>Genie\u00dfen Sie Ihren Urlaub in Kappl\/Ischgl in herrlich ruhiger und sonniger Lage<\/p>\n<cite>Familie Huber<\/cite><\/blockquote>\n<\/div>\n<\/div>\n\n\n\n<div class=\"is-layout-flex wp-container-7 wp-block-columns\">\n<div class=\"is-layout-flow wp-block-column\">\n<div style=\"height:60px\" aria-hidden=\"true\" class=\"wp-block-spacer\"><\/div>\n\n\n\n<figure class=\"is-layout-flex wp-block-gallery-4 wp-block-gallery has-nested-images columns-default is-cropped\">\n<figure class=\"wp-block-image size-large\"><a href=\"https:\/\/apart-wechner.at\/wp-content\/uploads\/2021\/02\/Bild-1-scaled.jpg\"><img decoding=\"async\" width=\"1024\" height=\"678\" src=\"https:\/\/apart-wechner.at\/wp-content\/uploads\/2021\/02\/Bild-1-1024x678.jpg\" alt=\"\" class=\"wp-image-81\" srcset=\"https:\/\/apart-wechner.at\/wp-content\/uploads\/2021\/02\/Bild-1-1024x678.jpg 1024w, https:\/\/apart-wechner.at\/wp-content\/uploads\/2021\/02\/Bild-1-300x199.jpg 300w, https:\/\/apart-wechner.at\/wp-content\/uploads\/2021\/02\/Bild-1-768x509.jpg 768w, https:\/\/apart-wechner.at\/wp-content\/uploads\/2021\/02\/Bild-1-1536x1017.jpg 1536w, https:\/\/apart-wechner.at\/wp-content\/uploads\/2021\/02\/Bild-1-2048x1356.jpg 2048w\" sizes=\"(max-width: 1024px) 100vw, 1024px\" \/><\/a><\/figure>\n\n\n\n<figure class=\"wp-block-image size-large\"><a href=\"https:\/\/apart-wechner.at\/wp-content\/uploads\/2021\/02\/Bild-12-scaled.jpg\"><img decoding=\"async\" width=\"1024\" height=\"678\" src=\"https:\/\/apart-wechner.at\/wp-content\/uploads\/2021\/02\/Bild-12-1024x678.jpg\" alt=\"\" class=\"wp-image-80\" srcset=\"https:\/\/apart-wechner.at\/wp-content\/uploads\/2021\/02\/Bild-12-1024x678.jpg 1024w, https:\/\/apart-wechner.at\/wp-content\/uploads\/2021\/02\/Bild-12-300x199.jpg 300w, https:\/\/apart-wechner.at\/wp-content\/uploads\/2021\/02\/Bild-12-768x509.jpg 768w, https:\/\/apart-wechner.at\/wp-content\/uploads\/2021\/02\/Bild-12-1536x1017.jpg 1536w, https:\/\/apart-wechner.at\/wp-content\/uploads\/2021\/02\/Bild-12-2048x1356.jpg 2048w\" sizes=\"(max-width: 1024px) 100vw, 1024px\" \/><\/a><\/figure>\n\n\n\n<figure class=\"wp-block-image size-large\"><a href=\"https:\/\/apart-wechner.at\/wp-content\/uploads\/2021\/02\/Bild-11-scaled.jpg\"><img decoding=\"async\" width=\"1024\" height=\"678\" src=\"https:\/\/apart-wechner.at\/wp-content\/uploads\/2021\/02\/Bild-11-1024x678.jpg\" alt=\"\" class=\"wp-image-79\" srcset=\"https:\/\/apart-wechner.at\/wp-content\/uploads\/2021\/02\/Bild-11-1024x678.jpg 1024w, https:\/\/apart-wechner.at\/wp-content\/uploads\/2021\/02\/Bild-11-300x199.jpg 300w, https:\/\/apart-wechner.at\/wp-content\/uploads\/2021\/02\/Bild-11-768x509.jpg 768w, https:\/\/apart-wechner.at\/wp-content\/uploads\/2021\/02\/Bild-11-1536x1017.jpg 1536w, https:\/\/apart-wechner.at\/wp-content\/uploads\/2021\/02\/Bild-11-2048x1356.jpg 2048w\" sizes=\"(max-width: 1024px) 100vw, 1024px\" \/><\/a><\/figure>\n\n\n\n<figure class=\"wp-block-image size-large\"><a href=\"https:\/\/apart-wechner.at\/wp-content\/uploads\/2025\/08\/NEU-Bild-4-2-scaled.jpg\"><img decoding=\"async\" width=\"1024\" height=\"678\" src=\"https:\/\/apart-wechner.at\/wp-content\/uploads\/2025\/08\/NEU-Bild-4-2-1024x678.jpg\" alt=\"\" class=\"wp-image-1266\" srcset=\"https:\/\/apart-wechner.at\/wp-content\/uploads\/2025\/08\/NEU-Bild-4-2-1024x678.jpg 1024w, https:\/\/apart-wechner.at\/wp-content\/uploads\/2025\/08\/NEU-Bild-4-2-300x199.jpg 300w, https:\/\/apart-wechner.at\/wp-content\/uploads\/2025\/08\/NEU-Bild-4-2-768x509.jpg 768w, https:\/\/apart-wechner.at\/wp-content\/uploads\/2025\/08\/NEU-Bild-4-2-1536x1017.jpg 1536w, https:\/\/apart-wechner.at\/wp-content\/uploads\/2025\/08\/NEU-Bild-4-2-2048x1356.jpg 2048w, https:\/\/apart-wechner.at\/wp-content\/uploads\/2025\/08\/NEU-Bild-4-2-175x116.jpg 175w\" sizes=\"(max-width: 1024px) 100vw, 1024px\" \/><\/a><\/figure>\n\n\n\n<figure class=\"wp-block-image size-large\"><a href=\"https:\/\/apart-wechner.at\/wp-content\/uploads\/2021\/02\/Bild-5-scaled.jpg\"><img decoding=\"async\" width=\"1024\" height=\"678\" src=\"https:\/\/apart-wechner.at\/wp-content\/uploads\/2021\/02\/Bild-5-1024x678.jpg\" alt=\"\" class=\"wp-image-77\" srcset=\"https:\/\/apart-wechner.at\/wp-content\/uploads\/2021\/02\/Bild-5-1024x678.jpg 1024w, https:\/\/apart-wechner.at\/wp-content\/uploads\/2021\/02\/Bild-5-300x199.jpg 300w, https:\/\/apart-wechner.at\/wp-content\/uploads\/2021\/02\/Bild-5-768x509.jpg 768w, https:\/\/apart-wechner.at\/wp-content\/uploads\/2021\/02\/Bild-5-1536x1017.jpg 1536w, https:\/\/apart-wechner.at\/wp-content\/uploads\/2021\/02\/Bild-5-2048x1356.jpg 2048w\" sizes=\"(max-width: 1024px) 100vw, 1024px\" \/><\/a><\/figure>\n\n\n\n<figure class=\"wp-block-image size-large\"><a href=\"https:\/\/apart-wechner.at\/wp-content\/uploads\/2021\/02\/Bild-4-scaled.jpg\"><img decoding=\"async\" width=\"1024\" height=\"678\" src=\"https:\/\/apart-wechner.at\/wp-content\/uploads\/2021\/02\/Bild-4-1024x678.jpg\" alt=\"\" class=\"wp-image-76\" srcset=\"https:\/\/apart-wechner.at\/wp-content\/uploads\/2021\/02\/Bild-4-1024x678.jpg 1024w, https:\/\/apart-wechner.at\/wp-content\/uploads\/2021\/02\/Bild-4-300x199.jpg 300w, https:\/\/apart-wechner.at\/wp-content\/uploads\/2021\/02\/Bild-4-768x509.jpg 768w, https:\/\/apart-wechner.at\/wp-content\/uploads\/2021\/02\/Bild-4-1536x1017.jpg 1536w, https:\/\/apart-wechner.at\/wp-content\/uploads\/2021\/02\/Bild-4-2048x1356.jpg 2048w\" sizes=\"(max-width: 1024px) 100vw, 1024px\" \/><\/a><\/figure>\n\n\n\n<figure class=\"wp-block-image size-large\"><a href=\"https:\/\/apart-wechner.at\/wp-content\/uploads\/2021\/02\/Bild-3-scaled.jpg\"><img decoding=\"async\" width=\"1024\" height=\"678\" src=\"https:\/\/apart-wechner.at\/wp-content\/uploads\/2021\/02\/Bild-3-1024x678.jpg\" alt=\"\" class=\"wp-image-74\" srcset=\"https:\/\/apart-wechner.at\/wp-content\/uploads\/2021\/02\/Bild-3-1024x678.jpg 1024w, https:\/\/apart-wechner.at\/wp-content\/uploads\/2021\/02\/Bild-3-300x199.jpg 300w, https:\/\/apart-wechner.at\/wp-content\/uploads\/2021\/02\/Bild-3-768x509.jpg 768w, https:\/\/apart-wechner.at\/wp-content\/uploads\/2021\/02\/Bild-3-1536x1017.jpg 1536w, https:\/\/apart-wechner.at\/wp-content\/uploads\/2021\/02\/Bild-3-2048x1356.jpg 2048w\" sizes=\"(max-width: 1024px) 100vw, 1024px\" \/><\/a><\/figure>\n\n\n\n<figure class=\"wp-block-image size-large\"><a href=\"https:\/\/apart-wechner.at\/wp-content\/uploads\/2021\/02\/Bild-2-scaled.jpg\"><img decoding=\"async\" width=\"1024\" height=\"678\" src=\"https:\/\/apart-wechner.at\/wp-content\/uploads\/2021\/02\/Bild-2-1024x678.jpg\" alt=\"\" class=\"wp-image-73\" srcset=\"https:\/\/apart-wechner.at\/wp-content\/uploads\/2021\/02\/Bild-2-1024x678.jpg 1024w, https:\/\/apart-wechner.at\/wp-content\/uploads\/2021\/02\/Bild-2-300x199.jpg 300w, https:\/\/apart-wechner.at\/wp-content\/uploads\/2021\/02\/Bild-2-768x509.jpg 768w, https:\/\/apart-wechner.at\/wp-content\/uploads\/2021\/02\/Bild-2-1536x1017.jpg 1536w, https:\/\/apart-wechner.at\/wp-content\/uploads\/2021\/02\/Bild-2-2048x1356.jpg 2048w\" sizes=\"(max-width: 1024px) 100vw, 1024px\" \/><\/a><\/figure>\n<\/figure>\n<\/div>\n<\/div>\n\n\n\n<div style=\"height:60px\" aria-hidden=\"true\" class=\"wp-block-spacer\"><\/div>\n\n\n\n<div class=\"wp-block-uagb-advanced-heading uagb-block-b2ebbf76\"><h2 class=\"uagb-heading-text\">WOHNWELTEN ENTDECKEN<\/h2><div class=\"uagb-separator\"><\/div><p class=\"uagb-desc-text\">Die Apartments im \u00dcberblick<\/p><\/div>\n\n\n\n<hr class=\"wp-block-separator has-css-opacity small-hr\"\/>\n\n\n\n<div style=\"height:40px\" aria-hidden=\"true\" class=\"wp-block-spacer\"><\/div>\n\n\n\n<p>Wir laden Sie, Ihre gesamte Familie und Freunde ein, in unseren Apartments zu entspannen. Nach einem erlebnisreichen Tag in der Tiroler Bergwelt locken unsere traditional &#8211; modern &#8211; alpinen Wohnwelten als idealer R\u00fcckzugsort zum Ausspannen und Verweilen. Egal ob f\u00fcr <strong>2 <\/strong>bis <strong>7 Personen<\/strong> oder auch <strong>beide Apartments kombiniert,<\/strong> bieten wir Ihnen einen komfortablen R\u00fcckzugsort mit Traumaussicht. Machen Sie es sich gem\u00fctlich und f\u00fchlen Sie sich in unseren vollausgestatteten Apartments im Urlaub wie zuhause. (<a href=\"https:\/\/apart-wechner.at\/index.php\/aparment-ueberblick\/\">Zu unseren Leistungen<\/a>)<\/p>\n\n\n\n<div style=\"height:40px\" aria-hidden=\"true\" class=\"wp-block-spacer\"><\/div>\n\n\n\n<div class=\"is-layout-flex wp-container-11 wp-block-columns are-vertically-aligned-center inner-outline has-background\" style=\"background-color:#dedcd7\">\n<div class=\"is-layout-flow wp-block-column is-vertically-aligned-center\" style=\"flex-basis:30%\">\n<p><strong>Apartment \u2013 Hoher Riffler \u201eTyp A\u201c<\/strong><\/p>\n\n\n\n<p>Traditionell moderner tirolerischer Stil<\/p>\n\n\n\n<div style=\"height:20px\" aria-hidden=\"true\" class=\"wp-block-spacer\"><\/div>\n\n\n\n<div class=\"is-layout-flex wp-block-buttons\">\n<div class=\"wp-block-button book-like-button\"><a class=\"wp-block-button__link has-background wp-element-button\" href=\"https:\/\/apart-wechner.at\/index.php\/apartment-typ-a\/\" style=\"border-radius:5px;background-color:#ccb47a\">Mehr Details<\/a><\/div>\n<\/div>\n<\/div>\n\n\n\n<div class=\"is-layout-flow wp-block-column is-vertically-aligned-center\">\n<figure class=\"wp-block-image size-large\"><img decoding=\"async\" width=\"1024\" height=\"678\" src=\"https:\/\/apart-wechner.at\/wp-content\/uploads\/2025\/08\/Apartment-Hoher-Riffler-1024x678.jpg\" alt=\"\" class=\"wp-image-1268\" srcset=\"https:\/\/apart-wechner.at\/wp-content\/uploads\/2025\/08\/Apartment-Hoher-Riffler-1024x678.jpg 1024w, https:\/\/apart-wechner.at\/wp-content\/uploads\/2025\/08\/Apartment-Hoher-Riffler-300x199.jpg 300w, https:\/\/apart-wechner.at\/wp-content\/uploads\/2025\/08\/Apartment-Hoher-Riffler-768x509.jpg 768w, https:\/\/apart-wechner.at\/wp-content\/uploads\/2025\/08\/Apartment-Hoher-Riffler-1536x1017.jpg 1536w, https:\/\/apart-wechner.at\/wp-content\/uploads\/2025\/08\/Apartment-Hoher-Riffler-2048x1356.jpg 2048w, https:\/\/apart-wechner.at\/wp-content\/uploads\/2025\/08\/Apartment-Hoher-Riffler-175x116.jpg 175w\" sizes=\"(max-width: 1024px) 100vw, 1024px\" \/><\/figure>\n<\/div>\n<\/div>\n\n\n\n<div style=\"height:20px\" aria-hidden=\"true\" class=\"wp-block-spacer\"><\/div>\n\n\n\n<div class=\"is-layout-flex wp-container-17 wp-block-columns\">\n<div class=\"is-layout-flow wp-block-column is-vertically-aligned-center\">\n<div class=\"is-layout-flex wp-container-15 wp-block-columns inner-outline has-background\" style=\"background-color:#dedcd7\">\n<div class=\"is-layout-flow wp-block-column is-vertically-aligned-center\" style=\"flex-basis:30%\">\n<p><strong>Apartment \u2013 Blankahorn \u201eTyp B\u201c <\/strong><\/p>\n\n\n\n<p>Klein und fein im tirolerischen Stil<\/p>\n\n\n\n<div style=\"height:20px\" aria-hidden=\"true\" class=\"wp-block-spacer\"><\/div>\n\n\n\n<div class=\"is-layout-flex wp-block-buttons\">\n<div class=\"wp-block-button book-like-button\"><a class=\"wp-block-button__link has-background wp-element-button\" href=\"https:\/\/apart-wechner.at\/index.php\/apartment-typ-b\/\" style=\"border-radius:5px;background-color:#ccb47a\">Mehr Details<\/a><\/div>\n<\/div>\n<\/div>\n\n\n\n<div class=\"is-layout-flow wp-block-column\">\n<figure class=\"wp-block-image size-large\"><img decoding=\"async\" width=\"1024\" height=\"678\" src=\"https:\/\/apart-wechner.at\/wp-content\/uploads\/2025\/08\/Apartment-Blankahorn-1024x678.jpg\" alt=\"\" class=\"wp-image-1269\" srcset=\"https:\/\/apart-wechner.at\/wp-content\/uploads\/2025\/08\/Apartment-Blankahorn-1024x678.jpg 1024w, https:\/\/apart-wechner.at\/wp-content\/uploads\/2025\/08\/Apartment-Blankahorn-300x199.jpg 300w, https:\/\/apart-wechner.at\/wp-content\/uploads\/2025\/08\/Apartment-Blankahorn-768x509.jpg 768w, https:\/\/apart-wechner.at\/wp-content\/uploads\/2025\/08\/Apartment-Blankahorn-1536x1017.jpg 1536w, https:\/\/apart-wechner.at\/wp-content\/uploads\/2025\/08\/Apartment-Blankahorn-2048x1356.jpg 2048w, https:\/\/apart-wechner.at\/wp-content\/uploads\/2025\/08\/Apartment-Blankahorn-175x116.jpg 175w\" sizes=\"(max-width: 1024px) 100vw, 1024px\" \/><\/figure>\n<\/div>\n<\/div>\n\n\n\n<div style=\"height:60px\" aria-hidden=\"true\" class=\"wp-block-spacer\"><\/div>\n\n\n\n<div class=\"wp-block-uagb-advanced-heading uagb-block-d5fb07e2\"><h2 class=\"uagb-heading-text\">BERGIDYLLE MIT WEITSICHT<\/h2><div class=\"uagb-separator\"><\/div><p class=\"uagb-desc-text\">Aktiv &amp; Natur<\/p><\/div>\n\n\n\n<hr class=\"wp-block-separator has-css-opacity aligncenter small-hr\"\/>\n\n\n\n<div style=\"height:40px\" aria-hidden=\"true\" class=\"wp-block-spacer\"><\/div>\n\n\n\n<p class=\"has-text-align-left\"><strong>Wintertraum<\/strong> oder <strong>Sommerfrische<\/strong> &#8211; Urlaub im Paznaun, egal ob im Winter oder im Sommer. Erleben Sie verschneite Landschaften, traumhafte Abfahrten, kristallklare Luft und traumhafte Panoramen &#8211; zahlreiche Aktivit\u00e4ten ob f\u00fcr Skifahrer, Hochalpinist, Familie, Wanderer oder Mountainbiker, die <strong>Paznauner Bergwelt<\/strong> bietet f\u00fcr jeden etwas Besonderes. &#8211; \u00dcberzeugen Sie sich selbst.<\/p>\n<\/div>\n<\/div>\n\n\n\n<figure class=\"wp-block-image size-large\"><img decoding=\"async\" width=\"1024\" height=\"446\" src=\"https:\/\/apart-wechner.at\/wp-content\/uploads\/2021\/02\/summer-winter-1024x446.jpg\" alt=\"\" class=\"wp-image-361\" srcset=\"https:\/\/apart-wechner.at\/wp-content\/uploads\/2021\/02\/summer-winter-1024x446.jpg 1024w, https:\/\/apart-wechner.at\/wp-content\/uploads\/2021\/02\/summer-winter-300x131.jpg 300w, https:\/\/apart-wechner.at\/wp-content\/uploads\/2021\/02\/summer-winter-768x335.jpg 768w, https:\/\/apart-wechner.at\/wp-content\/uploads\/2021\/02\/summer-winter-1536x669.jpg 1536w, https:\/\/apart-wechner.at\/wp-content\/uploads\/2021\/02\/summer-winter-2048x893.jpg 2048w, https:\/\/apart-wechner.at\/wp-content\/uploads\/2021\/02\/summer-winter-228x99.jpg 228w\" sizes=\"(max-width: 1024px) 100vw, 1024px\" \/><\/figure>\n\n\n\n<div style=\"height:10px\" aria-hidden=\"true\" class=\"wp-block-spacer\"><\/div>\n\n\n\n<div class=\"is-layout-flex wp-container-22 wp-block-columns\">\n<div class=\"is-layout-flow wp-block-column\">\n<div class=\"is-horizontal is-content-justification-center is-layout-flex wp-container-18 wp-block-buttons\">\n<div class=\"wp-block-button book-like-button\"><a class=\"wp-block-button__link has-background wp-element-button\" href=\"https:\/\/apart-wechner.at\/index.php\/winter\/\" style=\"border-radius:5px;background-color:#ccb47a\">Winter<\/a><\/div>\n<\/div>\n<\/div>\n\n\n\n<div class=\"is-layout-flow wp-block-column\">\n<div class=\"is-horizontal is-content-justification-center is-layout-flex wp-container-20 wp-block-buttons\">\n<div class=\"wp-block-button book-like-button\"><a class=\"wp-block-button__link has-background wp-element-button\" href=\"https:\/\/apart-wechner.at\/index.php\/sommer\/\" style=\"border-radius:5px;background-color:#ccb47a\">Sommer<\/a><\/div>\n<\/div>\n<\/div>\n<\/div>\n\n\n\n<div style=\"height:61px\" aria-hidden=\"true\" class=\"wp-block-spacer\"><\/div>\n\n\n\n<div class=\"is-layout-flex wp-container-28 wp-block-columns\">\n<div class=\"is-layout-flow wp-block-column popmake-433\"><div class=\"wp-block-image image-bottom-border\">\n<figure class=\"aligncenter size-thumbnail is-resized popmake-433\"><img decoding=\"async\" src=\"https:\/\/apart-wechner.at\/wp-content\/uploads\/2021\/02\/noun_weather_2872367.svg\" alt=\"\" class=\"wp-image-453\" width=\"50\" height=\"50\"\/><\/figure><\/div><\/div>\n\n\n\n<div class=\"is-layout-flow wp-block-column popmake-477\"><div class=\"wp-block-image image-bottom-border\">\n<figure class=\"aligncenter size-thumbnail is-resized popmake-477\"><img decoding=\"async\" src=\"https:\/\/apart-wechner.at\/wp-content\/uploads\/2021\/02\/noun_Cloud-Video_951198.svg\" alt=\"\" class=\"wp-image-454\" width=\"50\" height=\"50\"\/><\/figure><\/div><\/div>\n\n\n\n<div class=\"is-layout-flow wp-block-column popmake-479\"><div class=\"wp-block-image image-bottom-border\">\n<figure class=\"aligncenter size-thumbnail is-resized popmake-479\"><img decoding=\"async\" src=\"https:\/\/apart-wechner.at\/wp-content\/uploads\/2021\/02\/noun_events_3042143.svg\" alt=\"\" class=\"wp-image-455\" width=\"50\" height=\"50\"\/><\/figure><\/div><\/div>\n\n\n\n<div class=\"is-layout-flow wp-block-column popmake-481\"><div class=\"wp-block-image image-bottom-border\">\n<figure class=\"aligncenter size-thumbnail is-resized popmake-481\"><img decoding=\"async\" src=\"https:\/\/apart-wechner.at\/wp-content\/uploads\/2021\/02\/noun_Ski-Lift_2354919.svg\" alt=\"\" class=\"wp-image-456\" width=\"50\" height=\"50\"\/><\/figure><\/div><\/div>\n\n\n\n<div class=\"is-layout-flow wp-block-column popmake-483\"><div class=\"wp-block-image image-bottom-border\">\n<figure class=\"aligncenter size-thumbnail is-resized popmake-483\"><img decoding=\"async\" src=\"https:\/\/apart-wechner.at\/wp-content\/uploads\/2021\/02\/noun_taxes_3518204.svg\" alt=\"\" class=\"wp-image-457\" width=\"50\" height=\"50\"\/><\/figure><\/div><\/div>\n<\/div>\n","protected":false},"excerpt":{"rendered":"<p>ANKOMMEN &amp; WOHLF\u00dcHLEN Apart Wechner in Kappl Willkommen im Apart Wechner &#8211; Ein gem\u00fctliches Haus, zwei komfortable, stilvoll eingerichtete und vollst\u00e4ndig ausgestattete Apartments f\u00fcr 2 bis 7 Personen laden Sie im Winter wie auch im Sommer zu einem erholsamen Urlaub&nbsp;mitten im Herzen der Tiroler Alpen ein. Unsere Apartments befinden sich in traumhafter, ruhiger und sonniger [&hellip;]<\/p>\n","protected":false},"author":1,"featured_media":0,"parent":0,"menu_order":0,"comment_status":"closed","ping_status":"closed","template":"","meta":{"inline_featured_image":false,"_uag_custom_page_level_css":""},"uagb_featured_image_src":{"full":false,"thumbnail":false,"medium":false,"medium_large":false,"large":false,"1536x1536":false,"2048x2048":false,"form-edit-image-preview":false},"uagb_author_info":{"display_name":"admin","author_link":"https:\/\/apart-wechner.at\/index.php\/author\/marcel-juen\/"},"uagb_comment_info":0,"uagb_excerpt":"ANKOMMEN &amp; WOHLF\u00dcHLEN Apart Wechner in Kappl Willkommen im Apart Wechner &#8211; Ein gem\u00fctliches Haus, zwei komfortable, stilvoll eingerichtete und vollst\u00e4ndig ausgestattete Apartments f\u00fcr 2 bis 7 Personen laden Sie im Winter wie auch im Sommer zu einem erholsamen Urlaub&nbsp;mitten im Herzen der Tiroler Alpen ein. Unsere Apartments befinden sich in traumhafter, ruhiger und sonniger&hellip;","_links":{"self":[{"href":"https:\/\/apart-wechner.at\/index.php\/wp-json\/wp\/v2\/pages\/39"}],"collection":[{"href":"https:\/\/apart-wechner.at\/index.php\/wp-json\/wp\/v2\/pages"}],"about":[{"href":"https:\/\/apart-wechner.at\/index.php\/wp-json\/wp\/v2\/types\/page"}],"author":[{"embeddable":true,"href":"https:\/\/apart-wechner.at\/index.php\/wp-json\/wp\/v2\/users\/1"}],"replies":[{"embeddable":true,"href":"https:\/\/apart-wechner.at\/index.php\/wp-json\/wp\/v2\/comments?post=39"}],"version-history":[{"count":73,"href":"https:\/\/apart-wechner.at\/index.php\/wp-json\/wp\/v2\/pages\/39\/revisions"}],"predecessor-version":[{"id":1270,"href":"https:\/\/apart-wechner.at\/index.php\/wp-json\/wp\/v2\/pages\/39\/revisions\/1270"}],"wp:attachment":[{"href":"https:\/\/apart-wechner.at\/index.php\/wp-json\/wp\/v2\/media?parent=39"}],"curies":[{"name":"wp","href":"https:\/\/api.w.org\/{rel}","templated":true}]}}