{"id":517,"date":"2021-02-21T16:11:18","date_gmt":"2021-02-21T16:11:18","guid":{"rendered":"https:\/\/apart-wechner.at\/?page_id=517"},"modified":"2021-04-21T11:17:00","modified_gmt":"2021-04-21T11:17:00","slug":"impressum","status":"publish","type":"page","link":"https:\/\/apart-wechner.at\/index.php\/impressum\/","title":{"rendered":"Impressum"},"content":{"rendered":"\n<div style=\"height:70px\" aria-hidden=\"true\" class=\"wp-block-spacer\"><\/div>\n\n\n\n<div class=\"wp-block-uagb-advanced-heading uagb-block-1e9a64df\"><h2 class=\"uagb-heading-text\">APART WECHNER<\/h2><div class=\"uagb-separator-wrap\"><div class=\"uagb-separator\"><\/div><\/div><p class=\"uagb-desc-text\">Impressum<\/p><\/div>\n\n\n\n<hr class=\"wp-block-separator small-hr\"\/>\n\n\n\n<div style=\"height:40px\" aria-hidden=\"true\" class=\"wp-block-spacer\"><\/div>\n\n\n\n<p><strong>Verantwortlich f\u00fcr den Inhalt<\/strong>:<\/p>\n\n\n\n<p><strong>Apart Wechner<\/strong><\/p>\n\n\n\n<p>Christine Huber<br>Hof 407<br>6555 Kappl<br>\u00d6sterreich \u2013 Tirol<br>Tel.: +43 (0) 5445 6538<\/p>\n\n\n\n<p>Mail: <a href=\"mailto:office@apart-wechner.at\">office@apart-wechner.at<\/a><br>Web: <a href=\"https:\/\/apart-wechner.at\">www.apart-wechner.at<\/a><\/p>\n\n\n\n<div style=\"height:20px\" aria-hidden=\"true\" class=\"wp-block-spacer\"><\/div>\n\n\n\n<p><strong>Haftungsausschluss<\/strong><\/p>\n\n\n\n<p>Die enthaltenen Angaben dieser Webseite wurden nach bestem Wissen erstellt und mit gro\u00dfer Sorgfalt auf ihre Richtigkeit gepr\u00fcft. Trotzdem sind inhaltliche und sachliche Fehler nicht vollst\u00e4ndig auszuschlie\u00dfen. Der Inhaber dieser Webseite \u00fcbernimmt keine Garantie und Haftung f\u00fcr die Richtigkeit, Aktualit\u00e4t und Vollst\u00e4ndigkeit der Angaben. Alle Angaben sind ohne Gew\u00e4hr, das gilt auch f\u00fcr Links zu anderen URL\u00b4s, die auf der Website eingebunden sind.<\/p>\n\n\n\n<div style=\"height:20px\" aria-hidden=\"true\" class=\"wp-block-spacer\"><\/div>\n\n\n\n<p><strong>Haftungsausschluss auf Links<\/strong><\/p>\n\n\n\n<p>Unsere Webseite enth\u00e4lt Links zu externen Webseiten. Auf den Inhalt dieser externen Webseiten haben wir keinerlei Einfluss, deshalb k\u00f6nnen wir f\u00fcr diese fremden Inhalte auch keine Gew\u00e4hr \u00fcbernehmen. F\u00fcr die Inhalte der verlinkten Seiten ist stets der jeweilige Anbieter oder Betreiber der Seiten verantwortlich. Rechtswidrige Inhalte waren zum Zeitpunkt der Verlinkung nicht erkennbar.<\/p>\n\n\n\n<div style=\"height:20px\" aria-hidden=\"true\" class=\"wp-block-spacer\"><\/div>\n\n\n\n<p><strong>Urheberrecht<\/strong><\/p>\n\n\n\n<p>Der Inhalt der Webseite ist urheberrechtlich gesch\u00fctzt. Die Bereitstellung von Inhalten und Bildmaterial dieser Webseiten auf anderen Webseiten ist nur mit ausdr\u00fccklicher Genehmigung gestattet.<\/p>\n\n\n\n<div style=\"height:20px\" aria-hidden=\"true\" class=\"wp-block-spacer\"><\/div>\n\n\n\n<p><strong>Datenschutz<\/strong><\/p>\n\n\n\n<p>Genaue Informationen zum Datenschutz finden Sie <a href=\"https:\/\/apart-wechner.at\/index.php\/privacy-policy\/\" data-type=\"page\" data-id=\"3\">hier<\/a>.<\/p>\n\n\n\n<div style=\"height:20px\" aria-hidden=\"true\" class=\"wp-block-spacer\"><\/div>\n\n\n\n<p><strong>Bildnachweis &amp; Bildrechte<\/strong><\/p>\n\n\n\n<ul><li>Archiv | Apart Wechner<\/li><li>Tourismusverband Paznaun \u2013 Ischgl<\/li><li>Patrick Wechner<\/li><\/ul>\n","protected":false},"excerpt":{"rendered":"<p>APART WECHNER Impressum Verantwortlich f\u00fcr den Inhalt: Apart Wechner Christine HuberHof 4076555 Kappl\u00d6sterreich \u2013 TirolTel.: +43 (0) 5445 6538 Mail: office@apart-wechner.atWeb: www.apart-wechner.at Haftungsausschluss Die enthaltenen Angaben dieser Webseite wurden nach bestem Wissen erstellt und mit gro\u00dfer Sorgfalt auf ihre Richtigkeit gepr\u00fcft. Trotzdem sind inhaltliche und sachliche Fehler nicht vollst\u00e4ndig auszuschlie\u00dfen. Der Inhaber dieser Webseite \u00fcbernimmt [&hellip;]<\/p>\n","protected":false},"author":1,"featured_media":0,"parent":0,"menu_order":0,"comment_status":"closed","ping_status":"closed","template":"","meta":{"inline_featured_image":false,"_uag_custom_page_level_css":""},"uagb_featured_image_src":{"full":false,"thumbnail":false,"medium":false,"medium_large":false,"large":false,"1536x1536":false,"2048x2048":false,"form-edit-image-preview":false},"uagb_author_info":{"display_name":"admin","author_link":"https:\/\/apart-wechner.at\/index.php\/author\/marcel-juen\/"},"uagb_comment_info":0,"uagb_excerpt":"APART WECHNER Impressum Verantwortlich f\u00fcr den Inhalt: Apart Wechner Christine HuberHof 4076555 Kappl\u00d6sterreich \u2013 TirolTel.: +43 (0) 5445 6538 Mail: office@apart-wechner.atWeb: www.apart-wechner.at Haftungsausschluss Die enthaltenen Angaben dieser Webseite wurden nach bestem Wissen erstellt und mit gro\u00dfer Sorgfalt auf ihre Richtigkeit gepr\u00fcft. Trotzdem sind inhaltliche und sachliche Fehler nicht vollst\u00e4ndig auszuschlie\u00dfen. Der Inhaber dieser Webseite \u00fcbernimmt&hellip;","_links":{"self":[{"href":"https:\/\/apart-wechner.at\/index.php\/wp-json\/wp\/v2\/pages\/517"}],"collection":[{"href":"https:\/\/apart-wechner.at\/index.php\/wp-json\/wp\/v2\/pages"}],"about":[{"href":"https:\/\/apart-wechner.at\/index.php\/wp-json\/wp\/v2\/types\/page"}],"author":[{"embeddable":true,"href":"https:\/\/apart-wechner.at\/index.php\/wp-json\/wp\/v2\/users\/1"}],"replies":[{"embeddable":true,"href":"https:\/\/apart-wechner.at\/index.php\/wp-json\/wp\/v2\/comments?post=517"}],"version-history":[{"count":5,"href":"https:\/\/apart-wechner.at\/index.php\/wp-json\/wp\/v2\/pages\/517\/revisions"}],"predecessor-version":[{"id":968,"href":"https:\/\/apart-wechner.at\/index.php\/wp-json\/wp\/v2\/pages\/517\/revisions\/968"}],"wp:attachment":[{"href":"https:\/\/apart-wechner.at\/index.php\/wp-json\/wp\/v2\/media?parent=517"}],"curies":[{"name":"wp","href":"https:\/\/api.w.org\/{rel}","templated":true}]}}