{"id":88,"date":"2021-02-12T17:54:57","date_gmt":"2021-02-12T17:54:57","guid":{"rendered":"https:\/\/apart-wechner.at\/?page_id=88"},"modified":"2021-03-03T17:50:21","modified_gmt":"2021-03-03T17:50:21","slug":"ueber-uns","status":"publish","type":"page","link":"https:\/\/apart-wechner.at\/index.php\/ueber-uns\/","title":{"rendered":"\u00dcber uns"},"content":{"rendered":"\n<div style=\"height:70px\" aria-hidden=\"true\" class=\"wp-block-spacer\"><\/div>\n\n\n\n<div class=\"wp-block-uagb-advanced-heading uagb-block-a15121a1\"><h2 class=\"uagb-heading-text\">\u00dcBER UNS<\/h2><div class=\"uagb-separator-wrap\"><div class=\"uagb-separator\"><\/div><\/div><p class=\"uagb-desc-text\">D\u00fcrfen wir uns vorstellen?<\/p><\/div>\n\n\n\n<hr class=\"wp-block-separator small-hr\"\/>\n\n\n\n<div style=\"height:40px\" aria-hidden=\"true\" class=\"wp-block-spacer\"><\/div>\n\n\n\n<div class=\"wp-block-image is-style-rounded\"><figure class=\"aligncenter size-large is-resized\"><img decoding=\"async\" src=\"https:\/\/apart-wechner.at\/wp-content\/uploads\/2021\/02\/Familie-Huber-731x1024.jpg\" alt=\"\" class=\"wp-image-53\" width=\"177\" height=\"248\" srcset=\"https:\/\/apart-wechner.at\/wp-content\/uploads\/2021\/02\/Familie-Huber-731x1024.jpg 731w, https:\/\/apart-wechner.at\/wp-content\/uploads\/2021\/02\/Familie-Huber-214x300.jpg 214w, https:\/\/apart-wechner.at\/wp-content\/uploads\/2021\/02\/Familie-Huber-768x1075.jpg 768w, https:\/\/apart-wechner.at\/wp-content\/uploads\/2021\/02\/Familie-Huber-1097x1536.jpg 1097w, https:\/\/apart-wechner.at\/wp-content\/uploads\/2021\/02\/Familie-Huber-1463x2048.jpg 1463w, https:\/\/apart-wechner.at\/wp-content\/uploads\/2021\/02\/Familie-Huber-scaled.jpg 1829w\" sizes=\"(max-width: 177px) 100vw, 177px\" \/><\/figure><\/div>\n\n\n\n<div style=\"height:20px\" aria-hidden=\"true\" class=\"wp-block-spacer\"><\/div>\n\n\n\n<div class=\"is-layout-flex wp-container-2 wp-block-columns\">\n<div class=\"is-layout-flow wp-block-column\">\n<p class=\"has-text-align-center\">Ihre Gastgeber &#8211; Familie Huber &#8211; herzlich, pers\u00f6nlich, famili\u00e4r und naturverbunden hei\u00dfen Sie herzlich bei Ihrem Urlaub in Tirol willkommen. Gelebte Gastfreundschaft und pers\u00f6nlicher Kontakt wird im Apart Wechner gro\u00dfgeschrieben. Wir w\u00fcrden uns sehr freuen, dass Sie die sch\u00f6nste Zeit im Jahr bei uns verbringen m\u00f6chten. <\/p>\n\n\n\n<p class=\"has-text-align-center\">Ihre Familie Huber \u2013 <strong>Christine<\/strong>, <strong>Christoph <\/strong>mit <strong>Marie <\/strong>und <strong>Lisa<\/strong><\/p>\n<\/div>\n<\/div>\n","protected":false},"excerpt":{"rendered":"<p>\u00dcBER UNS D\u00fcrfen wir uns vorstellen? Ihre Gastgeber &#8211; Familie Huber &#8211; herzlich, pers\u00f6nlich, famili\u00e4r und naturverbunden hei\u00dfen Sie herzlich bei Ihrem Urlaub in Tirol willkommen. Gelebte Gastfreundschaft und pers\u00f6nlicher Kontakt wird im Apart Wechner gro\u00dfgeschrieben. Wir w\u00fcrden uns sehr freuen, dass Sie die sch\u00f6nste Zeit im Jahr bei uns verbringen m\u00f6chten. Ihre Familie Huber [&hellip;]<\/p>\n","protected":false},"author":1,"featured_media":0,"parent":0,"menu_order":0,"comment_status":"closed","ping_status":"closed","template":"","meta":{"inline_featured_image":false,"_uag_custom_page_level_css":""},"uagb_featured_image_src":{"full":false,"thumbnail":false,"medium":false,"medium_large":false,"large":false,"1536x1536":false,"2048x2048":false,"form-edit-image-preview":false},"uagb_author_info":{"display_name":"admin","author_link":"https:\/\/apart-wechner.at\/index.php\/author\/marcel-juen\/"},"uagb_comment_info":0,"uagb_excerpt":"\u00dcBER UNS D\u00fcrfen wir uns vorstellen? Ihre Gastgeber &#8211; Familie Huber &#8211; herzlich, pers\u00f6nlich, famili\u00e4r und naturverbunden hei\u00dfen Sie herzlich bei Ihrem Urlaub in Tirol willkommen. Gelebte Gastfreundschaft und pers\u00f6nlicher Kontakt wird im Apart Wechner gro\u00dfgeschrieben. Wir w\u00fcrden uns sehr freuen, dass Sie die sch\u00f6nste Zeit im Jahr bei uns verbringen m\u00f6chten. Ihre Familie Huber&hellip;","_links":{"self":[{"href":"https:\/\/apart-wechner.at\/index.php\/wp-json\/wp\/v2\/pages\/88"}],"collection":[{"href":"https:\/\/apart-wechner.at\/index.php\/wp-json\/wp\/v2\/pages"}],"about":[{"href":"https:\/\/apart-wechner.at\/index.php\/wp-json\/wp\/v2\/types\/page"}],"author":[{"embeddable":true,"href":"https:\/\/apart-wechner.at\/index.php\/wp-json\/wp\/v2\/users\/1"}],"replies":[{"embeddable":true,"href":"https:\/\/apart-wechner.at\/index.php\/wp-json\/wp\/v2\/comments?post=88"}],"version-history":[{"count":17,"href":"https:\/\/apart-wechner.at\/index.php\/wp-json\/wp\/v2\/pages\/88\/revisions"}],"predecessor-version":[{"id":832,"href":"https:\/\/apart-wechner.at\/index.php\/wp-json\/wp\/v2\/pages\/88\/revisions\/832"}],"wp:attachment":[{"href":"https:\/\/apart-wechner.at\/index.php\/wp-json\/wp\/v2\/media?parent=88"}],"curies":[{"name":"wp","href":"https:\/\/api.w.org\/{rel}","templated":true}]}}